{"id":69,"date":"2010-10-29T13:01:24","date_gmt":"2010-10-29T13:01:24","guid":{"rendered":"http:\/\/www.keramiksuchtwerkstatt.com\/?page_id=69"},"modified":"2021-06-22T20:01:52","modified_gmt":"2021-06-22T20:01:52","slug":"julia-winter-vita","status":"publish","type":"page","link":"https:\/\/keramikundkulturgut.de\/?page_id=69","title":{"rendered":"Julia Winter Vita"},"content":{"rendered":"<p><a href=\"https:\/\/keramikundkulturgut.de\/wp-content\/uploads\/2010\/10\/H\u00f6hr-G10-957-2.jpg\" rel=\"lightbox[69]\"><img loading=\"lazy\" decoding=\"async\" class=\"alignright wp-image-247 size-medium\" title=\"H\u00f6hr-G10-957-2\" src=\"https:\/\/keramikundkulturgut.de\/wp-content\/uploads\/2010\/10\/H\u00f6hr-G10-957-2-199x300.jpg\" alt=\"\" width=\"199\" height=\"300\" srcset=\"https:\/\/keramikundkulturgut.de\/wp-content\/uploads\/2010\/10\/H\u00f6hr-G10-957-2-199x300.jpg 199w, https:\/\/keramikundkulturgut.de\/wp-content\/uploads\/2010\/10\/H\u00f6hr-G10-957-2.jpg 399w\" sizes=\"auto, (max-width: 199px) 100vw, 199px\" \/><\/a>Julia Winter\u00a0 *1982<\/p>\n<p><strong><span style=\"color: #000000;\">2016 <\/span><\/strong>Geburt eines Sohnes<\/p>\n<p><strong><span style=\"color: #000000;\">2012 <\/span><\/strong>Aufnahme in den BBK Brandenburg<\/p>\n<p><strong><span style=\"color: #000000;\">seit 2011 <\/span><\/strong>Aufbau des keramik&amp;kulturGUT Glindow, Selbst\u00e4ndige T\u00e4tigkeit als freiberufliche Keramikgestalterin, Teilnahme an Keramikm\u00e4rkten und Ausstellungen<\/p>\n<p><span style=\"color: #000000;\"><strong>2010 &#8211; 2011 <\/strong><\/span>Selbstst\u00e4ndige T\u00e4tigkeit (freiberuflich) im Atelier des Keramikmuseum Westerwald, H\u00f6hr-Grenzhausen<\/p>\n<p><strong>2010 <\/strong>Abschluss zur staatlich gepr\u00fcften Keramikgestalterin<\/p>\n<p><strong>2007 &#8211; 2010 <\/strong>Staatliche Fachschulen f\u00fcr Keramik, H\u00f6hr-Grenzhausen<\/p>\n<p><strong>2004 &#8211; 2007 <\/strong>Ausbildung zur Keramikerin, Fachrichtung Scheibent\u00f6pferei,<\/p>\n<p>Keramik Atelier Harberts, Bremen. T\u00f6pferei Kohne, Worpswede<\/p>\n<p><strong>2002 &#8211; 2004 <\/strong>Auslandsaufenthalt in Island<\/p>\n<p><strong>2002 <\/strong>Abitur<\/p>\n<p><strong>Kontakt<\/strong><\/p>\n<p>mail@juliawinterporzellan.de<\/p>\n<p>Tel. 0176-25179703<\/p>\n<p><a href=\"http:\/\/www.juliawinterporzellan.de\">http:\/\/www.juliawinterporzellan.de<\/a><\/p>\n","protected":false},"excerpt":{"rendered":"<p>Julia Winter\u00a0 *1982 2016 Geburt eines Sohnes 2012 Aufnahme in den BBK Brandenburg seit 2011 Aufbau des keramik&amp;kulturGUT Glindow, Selbst\u00e4ndige T\u00e4tigkeit als freiberufliche Keramikgestalterin, Teilnahme an Keramikm\u00e4rkten und Ausstellungen 2010 &#8211; 2011 Selbstst\u00e4ndige T\u00e4tigkeit (freiberuflich) im Atelier des Keramikmuseum Westerwald, H\u00f6hr-Grenzhausen 2010 Abschluss zur staatlich gepr\u00fcften Keramikgestalterin 2007 &#8211; 2010 Staatliche Fachschulen f\u00fcr Keramik, H\u00f6hr-Grenzhausen&#8230;<\/p>\n","protected":false},"author":1,"featured_media":0,"parent":0,"menu_order":0,"comment_status":"closed","ping_status":"closed","template":"","meta":{"footnotes":""},"class_list":["post-69","page","type-page","status-publish","hentry"],"_links":{"self":[{"href":"https:\/\/keramikundkulturgut.de\/index.php?rest_route=\/wp\/v2\/pages\/69","targetHints":{"allow":["GET"]}}],"collection":[{"href":"https:\/\/keramikundkulturgut.de\/index.php?rest_route=\/wp\/v2\/pages"}],"about":[{"href":"https:\/\/keramikundkulturgut.de\/index.php?rest_route=\/wp\/v2\/types\/page"}],"author":[{"embeddable":true,"href":"https:\/\/keramikundkulturgut.de\/index.php?rest_route=\/wp\/v2\/users\/1"}],"replies":[{"embeddable":true,"href":"https:\/\/keramikundkulturgut.de\/index.php?rest_route=%2Fwp%2Fv2%2Fcomments&post=69"}],"version-history":[{"count":17,"href":"https:\/\/keramikundkulturgut.de\/index.php?rest_route=\/wp\/v2\/pages\/69\/revisions"}],"predecessor-version":[{"id":1484,"href":"https:\/\/keramikundkulturgut.de\/index.php?rest_route=\/wp\/v2\/pages\/69\/revisions\/1484"}],"wp:attachment":[{"href":"https:\/\/keramikundkulturgut.de\/index.php?rest_route=%2Fwp%2Fv2%2Fmedia&parent=69"}],"curies":[{"name":"wp","href":"https:\/\/api.w.org\/{rel}","templated":true}]}}