{"id":65,"date":"2010-10-29T13:00:47","date_gmt":"2010-10-29T13:00:47","guid":{"rendered":"http:\/\/www.keramiksuchtwerkstatt.com\/?page_id=65"},"modified":"2021-05-06T12:12:45","modified_gmt":"2021-05-06T12:12:45","slug":"mike-wagner-2","status":"publish","type":"page","link":"https:\/\/keramikundkulturgut.de\/?page_id=65","title":{"rendered":"Maren Sahl-Bauer"},"content":{"rendered":"\n<div class=\"wp-block-group\"><div class=\"wp-block-group__inner-container is-layout-flow wp-block-group-is-layout-flow\">\n<figure class=\"wp-block-gallery columns-3 is-cropped wp-block-gallery-1 is-layout-flex wp-block-gallery-is-layout-flex\"><ul class=\"blocks-gallery-grid\"><li class=\"blocks-gallery-item\"><figure><img loading=\"lazy\" decoding=\"async\" width=\"700\" height=\"467\" src=\"https:\/\/keramikundkulturgut.de\/wp-content\/uploads\/2021\/04\/6S5A5319-Kopie-700x467.jpg\" alt=\"\" data-id=\"1389\" data-link=\"https:\/\/keramikundkulturgut.de\/?attachment_id=1389\" class=\"wp-image-1389\" srcset=\"https:\/\/keramikundkulturgut.de\/wp-content\/uploads\/2021\/04\/6S5A5319-Kopie-700x467.jpg 700w, https:\/\/keramikundkulturgut.de\/wp-content\/uploads\/2021\/04\/6S5A5319-Kopie-300x200.jpg 300w, https:\/\/keramikundkulturgut.de\/wp-content\/uploads\/2021\/04\/6S5A5319-Kopie-768x512.jpg 768w, https:\/\/keramikundkulturgut.de\/wp-content\/uploads\/2021\/04\/6S5A5319-Kopie-1536x1024.jpg 1536w, https:\/\/keramikundkulturgut.de\/wp-content\/uploads\/2021\/04\/6S5A5319-Kopie-800x533.jpg 800w, https:\/\/keramikundkulturgut.de\/wp-content\/uploads\/2021\/04\/6S5A5319-Kopie.jpg 2000w\" sizes=\"auto, (max-width: 700px) 100vw, 700px\" \/><\/figure><\/li><li class=\"blocks-gallery-item\"><figure><img loading=\"lazy\" decoding=\"async\" width=\"700\" height=\"500\" src=\"https:\/\/keramikundkulturgut.de\/wp-content\/uploads\/2021\/04\/6S5A5350-Kopie-700x500.jpg\" alt=\"\" data-id=\"1390\" data-link=\"https:\/\/keramikundkulturgut.de\/?attachment_id=1390\" class=\"wp-image-1390\" srcset=\"https:\/\/keramikundkulturgut.de\/wp-content\/uploads\/2021\/04\/6S5A5350-Kopie-700x500.jpg 700w, https:\/\/keramikundkulturgut.de\/wp-content\/uploads\/2021\/04\/6S5A5350-Kopie-300x214.jpg 300w, https:\/\/keramikundkulturgut.de\/wp-content\/uploads\/2021\/04\/6S5A5350-Kopie-768x549.jpg 768w, https:\/\/keramikundkulturgut.de\/wp-content\/uploads\/2021\/04\/6S5A5350-Kopie-1536x1097.jpg 1536w, https:\/\/keramikundkulturgut.de\/wp-content\/uploads\/2021\/04\/6S5A5350-Kopie-800x572.jpg 800w, https:\/\/keramikundkulturgut.de\/wp-content\/uploads\/2021\/04\/6S5A5350-Kopie.jpg 2000w\" sizes=\"auto, (max-width: 700px) 100vw, 700px\" \/><\/figure><\/li><li class=\"blocks-gallery-item\"><figure><img loading=\"lazy\" decoding=\"async\" width=\"700\" height=\"500\" src=\"https:\/\/keramikundkulturgut.de\/wp-content\/uploads\/2021\/04\/2018-20-gross-Kopie-700x500.jpg\" alt=\"\" data-id=\"1393\" data-link=\"https:\/\/keramikundkulturgut.de\/?attachment_id=1393\" class=\"wp-image-1393\" srcset=\"https:\/\/keramikundkulturgut.de\/wp-content\/uploads\/2021\/04\/2018-20-gross-Kopie-700x500.jpg 700w, https:\/\/keramikundkulturgut.de\/wp-content\/uploads\/2021\/04\/2018-20-gross-Kopie-300x214.jpg 300w, https:\/\/keramikundkulturgut.de\/wp-content\/uploads\/2021\/04\/2018-20-gross-Kopie-768x549.jpg 768w, https:\/\/keramikundkulturgut.de\/wp-content\/uploads\/2021\/04\/2018-20-gross-Kopie-1536x1097.jpg 1536w, https:\/\/keramikundkulturgut.de\/wp-content\/uploads\/2021\/04\/2018-20-gross-Kopie-800x572.jpg 800w, https:\/\/keramikundkulturgut.de\/wp-content\/uploads\/2021\/04\/2018-20-gross-Kopie.jpg 2000w\" sizes=\"auto, (max-width: 700px) 100vw, 700px\" \/><\/figure><\/li><li class=\"blocks-gallery-item\"><figure><img loading=\"lazy\" decoding=\"async\" width=\"700\" height=\"501\" src=\"https:\/\/keramikundkulturgut.de\/wp-content\/uploads\/2021\/04\/2019-11-Kopie-700x501.jpg\" alt=\"\" data-id=\"1394\" data-link=\"https:\/\/keramikundkulturgut.de\/?attachment_id=1394\" class=\"wp-image-1394\" srcset=\"https:\/\/keramikundkulturgut.de\/wp-content\/uploads\/2021\/04\/2019-11-Kopie-700x501.jpg 700w, https:\/\/keramikundkulturgut.de\/wp-content\/uploads\/2021\/04\/2019-11-Kopie-300x215.jpg 300w, https:\/\/keramikundkulturgut.de\/wp-content\/uploads\/2021\/04\/2019-11-Kopie-768x549.jpg 768w, https:\/\/keramikundkulturgut.de\/wp-content\/uploads\/2021\/04\/2019-11-Kopie-1536x1098.jpg 1536w, https:\/\/keramikundkulturgut.de\/wp-content\/uploads\/2021\/04\/2019-11-Kopie-800x572.jpg 800w, https:\/\/keramikundkulturgut.de\/wp-content\/uploads\/2021\/04\/2019-11-Kopie.jpg 2000w\" sizes=\"auto, (max-width: 700px) 100vw, 700px\" \/><\/figure><\/li><li class=\"blocks-gallery-item\"><figure><img loading=\"lazy\" decoding=\"async\" width=\"700\" height=\"500\" src=\"https:\/\/keramikundkulturgut.de\/wp-content\/uploads\/2021\/04\/2019-15-Kopie-700x500.jpg\" alt=\"\" data-id=\"1395\" data-link=\"https:\/\/keramikundkulturgut.de\/?attachment_id=1395\" class=\"wp-image-1395\" srcset=\"https:\/\/keramikundkulturgut.de\/wp-content\/uploads\/2021\/04\/2019-15-Kopie-700x500.jpg 700w, https:\/\/keramikundkulturgut.de\/wp-content\/uploads\/2021\/04\/2019-15-Kopie-300x214.jpg 300w, https:\/\/keramikundkulturgut.de\/wp-content\/uploads\/2021\/04\/2019-15-Kopie-768x549.jpg 768w, https:\/\/keramikundkulturgut.de\/wp-content\/uploads\/2021\/04\/2019-15-Kopie-1536x1097.jpg 1536w, https:\/\/keramikundkulturgut.de\/wp-content\/uploads\/2021\/04\/2019-15-Kopie-800x572.jpg 800w, https:\/\/keramikundkulturgut.de\/wp-content\/uploads\/2021\/04\/2019-15-Kopie.jpg 2000w\" sizes=\"auto, (max-width: 700px) 100vw, 700px\" \/><\/figure><\/li><li class=\"blocks-gallery-item\"><figure><img loading=\"lazy\" decoding=\"async\" width=\"700\" height=\"500\" src=\"https:\/\/keramikundkulturgut.de\/wp-content\/uploads\/2021\/04\/2019-27-Kopie-2-700x500.jpg\" alt=\"\" data-id=\"1396\" data-full-url=\"https:\/\/keramikundkulturgut.de\/wp-content\/uploads\/2021\/04\/2019-27-Kopie-2.jpg\" data-link=\"https:\/\/keramikundkulturgut.de\/?attachment_id=1396\" class=\"wp-image-1396\" srcset=\"https:\/\/keramikundkulturgut.de\/wp-content\/uploads\/2021\/04\/2019-27-Kopie-2-700x500.jpg 700w, https:\/\/keramikundkulturgut.de\/wp-content\/uploads\/2021\/04\/2019-27-Kopie-2-300x214.jpg 300w, https:\/\/keramikundkulturgut.de\/wp-content\/uploads\/2021\/04\/2019-27-Kopie-2-768x548.jpg 768w, https:\/\/keramikundkulturgut.de\/wp-content\/uploads\/2021\/04\/2019-27-Kopie-2-1536x1097.jpg 1536w, https:\/\/keramikundkulturgut.de\/wp-content\/uploads\/2021\/04\/2019-27-Kopie-2-800x571.jpg 800w, https:\/\/keramikundkulturgut.de\/wp-content\/uploads\/2021\/04\/2019-27-Kopie-2.jpg 2000w\" sizes=\"auto, (max-width: 700px) 100vw, 700px\" \/><\/figure><\/li><\/ul><figcaption class=\"blocks-gallery-caption\">Halsschmuck bestehend aus 925 Silber ( teilweise geschw\u00e4rzt ), Opal, Porzellan, Feueropal, 585 Gelbgolg, Silber emailliert<\/figcaption><\/figure>\n\n\n\n<p><\/p>\n\n\n\n<figure class=\"wp-block-gallery columns-3 is-cropped wp-block-gallery-2 is-layout-flex wp-block-gallery-is-layout-flex\"><ul class=\"blocks-gallery-grid\"><li class=\"blocks-gallery-item\"><figure><img loading=\"lazy\" decoding=\"async\" width=\"700\" height=\"500\" src=\"https:\/\/keramikundkulturgut.de\/wp-content\/uploads\/2020\/02\/nah10-3-700x500.jpg\" alt=\"\" data-id=\"1156\" data-link=\"https:\/\/keramikundkulturgut.de\/?attachment_id=1156\" class=\"wp-image-1156\" srcset=\"https:\/\/keramikundkulturgut.de\/wp-content\/uploads\/2020\/02\/nah10-3-700x500.jpg 700w, https:\/\/keramikundkulturgut.de\/wp-content\/uploads\/2020\/02\/nah10-3-300x214.jpg 300w, https:\/\/keramikundkulturgut.de\/wp-content\/uploads\/2020\/02\/nah10-3-768x549.jpg 768w, https:\/\/keramikundkulturgut.de\/wp-content\/uploads\/2020\/02\/nah10-3.jpg 810w\" sizes=\"auto, (max-width: 700px) 100vw, 700px\" \/><\/figure><\/li><li class=\"blocks-gallery-item\"><figure><img loading=\"lazy\" decoding=\"async\" width=\"700\" height=\"500\" src=\"https:\/\/keramikundkulturgut.de\/wp-content\/uploads\/2020\/02\/nah11-3-700x500.jpg\" alt=\"\" data-id=\"1157\" data-link=\"https:\/\/keramikundkulturgut.de\/?attachment_id=1157\" class=\"wp-image-1157\" srcset=\"https:\/\/keramikundkulturgut.de\/wp-content\/uploads\/2020\/02\/nah11-3-700x500.jpg 700w, https:\/\/keramikundkulturgut.de\/wp-content\/uploads\/2020\/02\/nah11-3-300x214.jpg 300w, https:\/\/keramikundkulturgut.de\/wp-content\/uploads\/2020\/02\/nah11-3-768x549.jpg 768w, https:\/\/keramikundkulturgut.de\/wp-content\/uploads\/2020\/02\/nah11-3.jpg 810w\" sizes=\"auto, (max-width: 700px) 100vw, 700px\" \/><\/figure><\/li><li class=\"blocks-gallery-item\"><figure><img loading=\"lazy\" decoding=\"async\" width=\"700\" height=\"500\" src=\"https:\/\/keramikundkulturgut.de\/wp-content\/uploads\/2020\/02\/nah4-3-700x500.jpg\" alt=\"\" data-id=\"1155\" data-link=\"https:\/\/keramikundkulturgut.de\/?attachment_id=1155\" class=\"wp-image-1155\" srcset=\"https:\/\/keramikundkulturgut.de\/wp-content\/uploads\/2020\/02\/nah4-3-700x500.jpg 700w, https:\/\/keramikundkulturgut.de\/wp-content\/uploads\/2020\/02\/nah4-3-300x214.jpg 300w, https:\/\/keramikundkulturgut.de\/wp-content\/uploads\/2020\/02\/nah4-3-768x549.jpg 768w, https:\/\/keramikundkulturgut.de\/wp-content\/uploads\/2020\/02\/nah4-3.jpg 810w\" sizes=\"auto, (max-width: 700px) 100vw, 700px\" \/><\/figure><\/li><li class=\"blocks-gallery-item\"><figure><img loading=\"lazy\" decoding=\"async\" width=\"700\" height=\"500\" src=\"https:\/\/keramikundkulturgut.de\/wp-content\/uploads\/2020\/02\/nah5-1-700x500.jpg\" alt=\"\" data-id=\"1146\" data-link=\"https:\/\/keramikundkulturgut.de\/?attachment_id=1146\" class=\"wp-image-1146\" srcset=\"https:\/\/keramikundkulturgut.de\/wp-content\/uploads\/2020\/02\/nah5-1-700x500.jpg 700w, https:\/\/keramikundkulturgut.de\/wp-content\/uploads\/2020\/02\/nah5-1-300x214.jpg 300w, https:\/\/keramikundkulturgut.de\/wp-content\/uploads\/2020\/02\/nah5-1-768x548.jpg 768w, https:\/\/keramikundkulturgut.de\/wp-content\/uploads\/2020\/02\/nah5-1.jpg 810w\" sizes=\"auto, (max-width: 700px) 100vw, 700px\" \/><\/figure><\/li><li class=\"blocks-gallery-item\"><figure><img loading=\"lazy\" decoding=\"async\" width=\"700\" height=\"500\" src=\"https:\/\/keramikundkulturgut.de\/wp-content\/uploads\/2021\/04\/2-7-20-Kopie-700x500.jpg\" alt=\"\" data-id=\"1383\" data-link=\"https:\/\/keramikundkulturgut.de\/?attachment_id=1383\" class=\"wp-image-1383\" srcset=\"https:\/\/keramikundkulturgut.de\/wp-content\/uploads\/2021\/04\/2-7-20-Kopie-700x500.jpg 700w, https:\/\/keramikundkulturgut.de\/wp-content\/uploads\/2021\/04\/2-7-20-Kopie-300x214.jpg 300w, https:\/\/keramikundkulturgut.de\/wp-content\/uploads\/2021\/04\/2-7-20-Kopie-768x548.jpg 768w, https:\/\/keramikundkulturgut.de\/wp-content\/uploads\/2021\/04\/2-7-20-Kopie-1536x1097.jpg 1536w, https:\/\/keramikundkulturgut.de\/wp-content\/uploads\/2021\/04\/2-7-20-Kopie-800x571.jpg 800w, https:\/\/keramikundkulturgut.de\/wp-content\/uploads\/2021\/04\/2-7-20-Kopie.jpg 2000w\" sizes=\"auto, (max-width: 700px) 100vw, 700px\" \/><\/figure><\/li><li class=\"blocks-gallery-item\"><figure><img loading=\"lazy\" decoding=\"async\" width=\"700\" height=\"500\" src=\"https:\/\/keramikundkulturgut.de\/wp-content\/uploads\/2021\/04\/1-Kopie-700x500.jpg\" alt=\"\" data-id=\"1387\" data-full-url=\"https:\/\/keramikundkulturgut.de\/wp-content\/uploads\/2021\/04\/1-Kopie.jpg\" data-link=\"https:\/\/keramikundkulturgut.de\/?attachment_id=1387\" class=\"wp-image-1387\" srcset=\"https:\/\/keramikundkulturgut.de\/wp-content\/uploads\/2021\/04\/1-Kopie-700x500.jpg 700w, https:\/\/keramikundkulturgut.de\/wp-content\/uploads\/2021\/04\/1-Kopie-300x214.jpg 300w, https:\/\/keramikundkulturgut.de\/wp-content\/uploads\/2021\/04\/1-Kopie-768x549.jpg 768w, https:\/\/keramikundkulturgut.de\/wp-content\/uploads\/2021\/04\/1-Kopie-1536x1097.jpg 1536w, https:\/\/keramikundkulturgut.de\/wp-content\/uploads\/2021\/04\/1-Kopie-800x572.jpg 800w, https:\/\/keramikundkulturgut.de\/wp-content\/uploads\/2021\/04\/1-Kopie.jpg 2000w\" sizes=\"auto, (max-width: 700px) 100vw, 700px\" \/><\/figure><\/li><\/ul><figcaption class=\"blocks-gallery-caption\">Ohrschmuck &#8211; bestehend aus Porzellan , emaillierten Silber oder Stahlnetz<\/figcaption><\/figure>\n\n\n\n<p><\/p>\n\n\n\n<p><\/p>\n\n\n\n<p class=\"has-text-align-center\">***********************************************************************************<\/p>\n\n\n\n<p><\/p>\n\n\n\n<div class=\"wp-block-media-text alignwide has-media-on-the-right is-stacked-on-mobile is-vertically-aligned-top\"><figure class=\"wp-block-media-text__media\"><img loading=\"lazy\" decoding=\"async\" width=\"700\" height=\"500\" src=\"https:\/\/keramikundkulturgut.de\/wp-content\/uploads\/2021\/04\/IMG_0200-700x500.jpg\" alt=\"\" class=\"wp-image-1401 size-full\" srcset=\"https:\/\/keramikundkulturgut.de\/wp-content\/uploads\/2021\/04\/IMG_0200-700x500.jpg 700w, https:\/\/keramikundkulturgut.de\/wp-content\/uploads\/2021\/04\/IMG_0200-300x214.jpg 300w, https:\/\/keramikundkulturgut.de\/wp-content\/uploads\/2021\/04\/IMG_0200-768x549.jpg 768w, https:\/\/keramikundkulturgut.de\/wp-content\/uploads\/2021\/04\/IMG_0200-800x572.jpg 800w, https:\/\/keramikundkulturgut.de\/wp-content\/uploads\/2021\/04\/IMG_0200.jpg 1433w\" sizes=\"auto, (max-width: 700px) 100vw, 700px\" \/><\/figure><div class=\"wp-block-media-text__content\">\n<p>Maren Sahl-Bauer ist ausgebildete Goldschmiedin. In ihrem Atelier in Glindow bei Werder an der Havel entwirft die geb\u00fcrtige Berlinerin seit 2011 Kollektionen von zartem Silberschmuck.<\/p>\n\n\n\n<p>Ihre Leidenschaft f\u00fcr das kunsthandwerkliche Gestalten entdeckte sie wieder w\u00e4hrend ihrer Studienreise nach Barcelona. Bereits in<\/p>\n\n\n\n<p> der Ausbildung entdeckete sie die Gestaltungsm\u00f6glichkeiten, die das Emaille bietet \u2013 durch das Aufschmelzen von feinem Glaspulver auf Edelmetall entstehen unikate Schmuckst\u00fccke in leuchtenden Farbenmischungen.<\/p>\n\n\n\n<p>Insperiert durch die Arbeit ihrer Ateliernachbarn auf dem Keramik&amp;kulturGUT Glindow hat sie begonnen, Porzellan als neuen Werkstoff zu verarbeiten.<\/p>\n\n\n\n<p>Alle ihre Schmuckst\u00fccke sind Einzelst\u00fccke oder in Kleinstserien gefertigt. Sie tragen sich nat\u00fcrlich und selbstverst\u00e4ndlich, ohne sich aufzudr\u00e4ngen.<\/p>\n\n\n\n<div class=\"wp-block-media-text alignwide is-stacked-on-mobile is-vertically-aligned-top\"><figure class=\"wp-block-media-text__media\"><\/figure><div class=\"wp-block-media-text__content\">\n<p class=\"has-large-font-size\"><\/p>\n<\/div><\/div>\n<\/div><\/div>\n<\/div><\/div>\n\n\n\n<p><a href=\"http:\/\/www.sahlbauer.de\">http:\/\/www.sahlbauer.de<\/a><\/p>\n","protected":false},"excerpt":{"rendered":"<p>*********************************************************************************** Maren Sahl-Bauer ist ausgebildete Goldschmiedin. In ihrem Atelier in Glindow bei Werder an der Havel entwirft die geb\u00fcrtige Berlinerin seit 2011 Kollektionen von zartem Silberschmuck. Ihre Leidenschaft f\u00fcr das kunsthandwerkliche Gestalten entdeckte sie wieder w\u00e4hrend ihrer Studienreise nach Barcelona. Bereits in der Ausbildung entdeckete sie die Gestaltungsm\u00f6glichkeiten, die das Emaille bietet \u2013 durch das&#8230;<\/p>\n","protected":false},"author":1,"featured_media":0,"parent":0,"menu_order":0,"comment_status":"closed","ping_status":"closed","template":"","meta":{"footnotes":""},"class_list":["post-65","page","type-page","status-publish","hentry"],"_links":{"self":[{"href":"https:\/\/keramikundkulturgut.de\/index.php?rest_route=\/wp\/v2\/pages\/65","targetHints":{"allow":["GET"]}}],"collection":[{"href":"https:\/\/keramikundkulturgut.de\/index.php?rest_route=\/wp\/v2\/pages"}],"about":[{"href":"https:\/\/keramikundkulturgut.de\/index.php?rest_route=\/wp\/v2\/types\/page"}],"author":[{"embeddable":true,"href":"https:\/\/keramikundkulturgut.de\/index.php?rest_route=\/wp\/v2\/users\/1"}],"replies":[{"embeddable":true,"href":"https:\/\/keramikundkulturgut.de\/index.php?rest_route=%2Fwp%2Fv2%2Fcomments&post=65"}],"version-history":[{"count":36,"href":"https:\/\/keramikundkulturgut.de\/index.php?rest_route=\/wp\/v2\/pages\/65\/revisions"}],"predecessor-version":[{"id":1431,"href":"https:\/\/keramikundkulturgut.de\/index.php?rest_route=\/wp\/v2\/pages\/65\/revisions\/1431"}],"wp:attachment":[{"href":"https:\/\/keramikundkulturgut.de\/index.php?rest_route=%2Fwp%2Fv2%2Fmedia&parent=65"}],"curies":[{"name":"wp","href":"https:\/\/api.w.org\/{rel}","templated":true}]}}