{"id":63,"date":"2010-10-29T13:00:22","date_gmt":"2010-10-29T13:00:22","guid":{"rendered":"http:\/\/www.keramiksuchtwerkstatt.com\/?page_id=63"},"modified":"2019-05-20T18:17:33","modified_gmt":"2019-05-20T18:17:33","slug":"julia-hass-2","status":"publish","type":"page","link":"https:\/\/keramikundkulturgut.de\/?page_id=63","title":{"rendered":"Jule Grade Vita"},"content":{"rendered":"<p>Jule Grade<\/p>\n<p>*1981 in Husum<\/p>\n<p><strong>seit 2011<\/strong><\/p>\n<p>Aufbau Keramik&amp;KulturGUT glindow<\/p>\n<p><strong>2010\/2011<\/strong><\/p>\n<p>Werkstatt im Keramikmuseum Westerwald<\/p>\n<p><strong>2010<\/strong><\/p>\n<p>Abschluss zur staatlich gepr\u00fcften Keramikgestalterin<\/p>\n<p><strong>2007 &#8211; 2010<\/strong><\/p>\n<p>Staatliche Fachschulen f\u00fcr Keramik, H\u00f6hr-Grenzhausen<\/p>\n<p><strong>2005<\/strong><\/p>\n<p>Gesellenpr\u00fcfung<\/p>\n<p><strong>2002<\/strong><\/p>\n<p>Ausbildung zur Keramikerin, Fachrichtung Scheibent\u00f6pferei, Bernd Niehenke Osnabr\u00fcck<\/p>\n<p><strong>2000<\/strong><\/p>\n<p>Abitur<\/p>\n<p><em>\u201e<\/em><\/p>\n<p><a href=\"http:\/\/www.keramiksuchtwerkstatt.com\/wp-content\/uploads\/2010\/10\/julia-hass-keramik.jpg\" rel=\"lightbox[63]\"><img loading=\"lazy\" decoding=\"async\" class=\"alignleft size-medium wp-image-119\" title=\"julia hass keramik\" src=\"http:\/\/www.keramiksuchtwerkstatt.com\/wp-content\/uploads\/2010\/10\/julia-hass-keramik-124x300.jpg\" alt=\"\" width=\"124\" height=\"300\" \/><\/a><\/p>\n","protected":false},"excerpt":{"rendered":"<p>Jule Grade *1981 in Husum seit 2011 Aufbau Keramik&amp;KulturGUT glindow 2010\/2011 Werkstatt im Keramikmuseum Westerwald 2010 Abschluss zur staatlich gepr\u00fcften Keramikgestalterin 2007 &#8211; 2010 Staatliche Fachschulen f\u00fcr Keramik, H\u00f6hr-Grenzhausen 2005 Gesellenpr\u00fcfung 2002 Ausbildung zur Keramikerin, Fachrichtung Scheibent\u00f6pferei, Bernd Niehenke Osnabr\u00fcck 2000 Abitur \u201e<\/p>\n","protected":false},"author":1,"featured_media":0,"parent":0,"menu_order":0,"comment_status":"closed","ping_status":"closed","template":"","meta":{"footnotes":""},"class_list":["post-63","page","type-page","status-publish","hentry"],"_links":{"self":[{"href":"https:\/\/keramikundkulturgut.de\/index.php?rest_route=\/wp\/v2\/pages\/63","targetHints":{"allow":["GET"]}}],"collection":[{"href":"https:\/\/keramikundkulturgut.de\/index.php?rest_route=\/wp\/v2\/pages"}],"about":[{"href":"https:\/\/keramikundkulturgut.de\/index.php?rest_route=\/wp\/v2\/types\/page"}],"author":[{"embeddable":true,"href":"https:\/\/keramikundkulturgut.de\/index.php?rest_route=\/wp\/v2\/users\/1"}],"replies":[{"embeddable":true,"href":"https:\/\/keramikundkulturgut.de\/index.php?rest_route=%2Fwp%2Fv2%2Fcomments&post=63"}],"version-history":[{"count":12,"href":"https:\/\/keramikundkulturgut.de\/index.php?rest_route=\/wp\/v2\/pages\/63\/revisions"}],"predecessor-version":[{"id":1063,"href":"https:\/\/keramikundkulturgut.de\/index.php?rest_route=\/wp\/v2\/pages\/63\/revisions\/1063"}],"wp:attachment":[{"href":"https:\/\/keramikundkulturgut.de\/index.php?rest_route=%2Fwp%2Fv2%2Fmedia&parent=63"}],"curies":[{"name":"wp","href":"https:\/\/api.w.org\/{rel}","templated":true}]}}