{"id":61,"date":"2010-10-29T12:59:59","date_gmt":"2010-10-29T12:59:59","guid":{"rendered":"http:\/\/www.keramiksuchtwerkstatt.com\/?page_id=61"},"modified":"2021-06-22T20:21:44","modified_gmt":"2021-06-22T20:21:44","slug":"martin-grade-2","status":"publish","type":"page","link":"https:\/\/keramikundkulturgut.de\/?page_id=61","title":{"rendered":"Martin Grade Vita"},"content":{"rendered":"<p><a href=\"https:\/\/keramikundkulturgut.de\/wp-content\/uploads\/2010\/10\/H\u00f6hr-G10-1069.jpg\" rel=\"lightbox[61]\"><img loading=\"lazy\" decoding=\"async\" class=\"alignnone size-medium wp-image-211\" title=\"H\u00f6hr-G10-1069\" src=\"https:\/\/keramikundkulturgut.de\/wp-content\/uploads\/2010\/10\/H\u00f6hr-G10-1069-199x300.jpg\" alt=\"\" width=\"199\" height=\"300\" srcset=\"https:\/\/keramikundkulturgut.de\/wp-content\/uploads\/2010\/10\/H\u00f6hr-G10-1069-199x300.jpg 199w, https:\/\/keramikundkulturgut.de\/wp-content\/uploads\/2010\/10\/H\u00f6hr-G10-1069.jpg 399w\" sizes=\"auto, (max-width: 199px) 100vw, 199px\" \/><\/a><\/p>\n<p>Martin Grade<\/p>\n<p>*1976 in Kiel<\/p>\n<p style=\"text-align: left;\"><strong>seit 2011<\/strong><\/p>\n<p style=\"text-align: left;\">Aufbau Keramik&amp;KulturGUT glindow<\/p>\n<p style=\"text-align: left;\"><strong>2010<\/strong><\/p>\n<p style=\"text-align: left;\">Abschluss zum staatlich gepr\u00fcften Keramikgestalter<\/p>\n<p><strong>2007<\/strong><\/p>\n<p>Staatliche Fachschulen f\u00fcr Keramik, H\u00f6hr-Grenzhausen<\/p>\n<p><strong>2002 &#8211; 2007<\/strong><\/p>\n<p>Ausbildung zum Keramiker, Fachrichtung Baukeramik und Gesellenzeit bei Reinhold Kleist, T\u00f6pferei G\u00e4nsewinkel, Wachenhausen<\/p>\n<p><strong>1999 &#8211; 2002<\/strong><\/p>\n<p>Studium der Forstwissenschaften in G\u00f6ttingen<\/p>\n<p><strong>1996<\/strong><\/p>\n<p>Abitur<\/p>\n<p><strong>Austellungen:<\/strong><\/p>\n<p><strong>2013<\/strong><\/p>\n<p>Neumitglieder\u00a0\u00a0\u00a0\u00a0\u00a0 BVBK,\u00a0 M_Produzentegalerie Potsdam<\/p>\n<p><strong>2011<\/strong><\/p>\n<p>\u201cKeramische Welten \u2013 Talente\u201d \u2013 Buga 2011, Festung Ehrenbreitstein, Koblenz, Deutschland<\/p>\n<p><strong>2010<\/strong><\/p>\n<p>ICMEA 2010 \u201e3rd World Emerging Ceramic Artists Competition \u201c, Fule International Ceramic Art Museums, Fuping, China<\/p>\n<p>\u201eExponate\u201c, Keramikmuseum Westerwald, H\u00f6hr-Grenzhausen<\/p>\n<p><strong>Preise<\/strong><\/p>\n<p><strong>2010<\/strong><\/p>\n<p>\u201eBronze Prize\u201c, ICMEA 2010 \u201e3rd World Emerging Ceramic Artists Competition\u201c, Fule International\u00a0 Ceramic Art Museums, Fuping, China<\/p>\n<p><img decoding=\"async\" src=\"file:\/\/\/C:\/DOCUME%7E1\/Mike\/LOCALS%7E1\/Temp\/moz-screenshot.png\" alt=\"\" \/><\/p>\n<p><strong>Kontakt<\/strong><\/p>\n<p>mgrade76@gmx.de<\/p>\n<p><a href=\"http:\/\/www.martingrade.de\">www.martingrade.de<\/a><\/p>\n<p><a href=\"http:\/\/www.keramiksuchtwerkstatt.com\/wp-content\/uploads\/2010\/10\/martin-keramik.jpg\" rel=\"lightbox[61]\"><img loading=\"lazy\" decoding=\"async\" class=\"alignleft size-medium wp-image-121\" title=\"martin keramik\" src=\"http:\/\/www.keramiksuchtwerkstatt.com\/wp-content\/uploads\/2010\/10\/martin-keramik-124x300.jpg\" alt=\"\" width=\"124\" height=\"300\" \/><\/a><\/p>\n","protected":false},"excerpt":{"rendered":"<p>Martin Grade *1976 in Kiel seit 2011 Aufbau Keramik&amp;KulturGUT glindow 2010 Abschluss zum staatlich gepr\u00fcften Keramikgestalter 2007 Staatliche Fachschulen f\u00fcr Keramik, H\u00f6hr-Grenzhausen 2002 &#8211; 2007 Ausbildung zum Keramiker, Fachrichtung Baukeramik und Gesellenzeit bei Reinhold Kleist, T\u00f6pferei G\u00e4nsewinkel, Wachenhausen 1999 &#8211; 2002 Studium der Forstwissenschaften in G\u00f6ttingen 1996 Abitur Austellungen: 2013 Neumitglieder\u00a0\u00a0\u00a0\u00a0\u00a0 BVBK,\u00a0 M_Produzentegalerie Potsdam 2011&#8230;<\/p>\n","protected":false},"author":1,"featured_media":0,"parent":0,"menu_order":0,"comment_status":"closed","ping_status":"closed","template":"","meta":{"footnotes":""},"class_list":["post-61","page","type-page","status-publish","hentry"],"_links":{"self":[{"href":"https:\/\/keramikundkulturgut.de\/index.php?rest_route=\/wp\/v2\/pages\/61","targetHints":{"allow":["GET"]}}],"collection":[{"href":"https:\/\/keramikundkulturgut.de\/index.php?rest_route=\/wp\/v2\/pages"}],"about":[{"href":"https:\/\/keramikundkulturgut.de\/index.php?rest_route=\/wp\/v2\/types\/page"}],"author":[{"embeddable":true,"href":"https:\/\/keramikundkulturgut.de\/index.php?rest_route=\/wp\/v2\/users\/1"}],"replies":[{"embeddable":true,"href":"https:\/\/keramikundkulturgut.de\/index.php?rest_route=%2Fwp%2Fv2%2Fcomments&post=61"}],"version-history":[{"count":9,"href":"https:\/\/keramikundkulturgut.de\/index.php?rest_route=\/wp\/v2\/pages\/61\/revisions"}],"predecessor-version":[{"id":1498,"href":"https:\/\/keramikundkulturgut.de\/index.php?rest_route=\/wp\/v2\/pages\/61\/revisions\/1498"}],"wp:attachment":[{"href":"https:\/\/keramikundkulturgut.de\/index.php?rest_route=%2Fwp%2Fv2%2Fmedia&parent=61"}],"curies":[{"name":"wp","href":"https:\/\/api.w.org\/{rel}","templated":true}]}}