{"id":28,"date":"2010-10-07T15:26:04","date_gmt":"2010-10-07T15:26:04","guid":{"rendered":"http:\/\/www.keramiksuchtwerkstatt.com\/?page_id=28"},"modified":"2020-01-22T10:17:59","modified_gmt":"2020-01-22T10:17:59","slug":"die-idee","status":"publish","type":"page","link":"https:\/\/keramikundkulturgut.de\/?page_id=28","title":{"rendered":"keramik&#038;kulturGUT Glindow"},"content":{"rendered":"<p><strong>Ein kurzer Einblick in das Projekt keramik&amp;kulturGUT Glindow:<\/strong><\/p>\n<p>Wir sind f\u00fcnf junge Keramiker, die sich w\u00e4hrend ihres Studiums an der Fachschule f\u00fcr Keramikgestaltung in H\u00f6hr-Grenzhausen kennen und sch\u00e4tzen gelernt haben.<\/p>\n<p>Unsere Idee ist die Schaffung eines Ortes, der \u00fcber die Entstehung, Ausstellung und den Verkauf unserer keramischen Erzeugnisse hinaus zu einem Ort der kreativen Begegnung werden soll.<\/p>\n<p>Bei der intensiven Suche nach einem geeigneten Standort fiel die Wahl auf Glindow, nicht zuletzt bedingt durch die Bekanntschaft \/ gl\u00fcckliche Begegnung mit dem Eigent\u00fcmer der Neuen Ziegel-Manufaktur Glindow, Harald Dieckmann.<\/p>\n<p>Gemeinsam als Eigent\u00fcmer-GbR haben wir das Objekt in der Dr.-K\u00fclz-Str. 69 von der Stadt Werder (Havel) erworben und sind seit August 2011 dabei, die Geb\u00e4ude zu ber\u00e4umen und zu sanieren.<\/p>\n<p>Realisierbar wurde diese Unternehmung mit Hilfe von F\u00f6rdermitteln des Landes Brandenburg (ILE), Eigenkapital und der Unterst\u00fctzung von Freunden und Familien.<\/p>\n<p>Auf dem Gel\u00e4nde befinden sich drei Hauptgeb\u00e4ude. Das so genannte Langhaus, ein\u00a0 Remisengeb\u00e4ude und eine historische Wasserm\u00fchle.<\/p>\n<p>Das Langhaus bietet uns ausreichend Platz zum Wohnen.<\/p>\n<p>Die Remise wurde zum Werkstattensemble mit f\u00fcnf separaten Ateliers und darin integrierten Ausstellungsfl\u00e4chen ausgebaut. Den Besuchern soll hier die Vielseitigkeit keramischen Schaffens n\u00e4her gebracht werden.<\/p>\n<p>Die &#8222;Keramische Werkst\u00e4tten Glindow e.V. &#8220; k\u00f6nnen von April-Dezember immer Donnerstags und Freitags von 10-17 Uhr, sowie Sonntags von 14-17 Uhr besucht werden.<\/p>\n\n\t\t<div class='gallery'><dl class='gallery-item' style='width: 25%;'>\n\t\t\t<dt class='gallery-icon'>\n\t\t\t\t<a href=\"https:\/\/keramikundkulturgut.de\/wp-content\/uploads\/2010\/10\/1090993.jpg\" rel=\"lightbox[28]\"><img loading=\"lazy\" decoding=\"async\" src=\"https:\/\/keramikundkulturgut.de\/wp-content\/uploads\/2010\/10\/1090993-150x150.jpg\" title=\"_1090993\" alt=\"\" width=\"150\" height=\"150\" class=\"attachment-thumbnail\" \/><\/a>\n\t\t\t<\/dt><\/dl><dl class='gallery-item' style='width: 25%;'>\n\t\t\t<dt class='gallery-icon'>\n\t\t\t\t<a href=\"https:\/\/keramikundkulturgut.de\/wp-content\/uploads\/2010\/10\/1090997.jpg\" rel=\"lightbox[28]\"><img loading=\"lazy\" decoding=\"async\" src=\"https:\/\/keramikundkulturgut.de\/wp-content\/uploads\/2010\/10\/1090997-150x150.jpg\" title=\"_1090997\" alt=\"\" width=\"150\" height=\"150\" class=\"attachment-thumbnail\" \/><\/a>\n\t\t\t<\/dt><\/dl><dl class='gallery-item' style='width: 25%;'>\n\t\t\t<dt class='gallery-icon'>\n\t\t\t\t<a href=\"https:\/\/keramikundkulturgut.de\/wp-content\/uploads\/2010\/10\/1020019-Kopie.jpg\" rel=\"lightbox[28]\"><img loading=\"lazy\" decoding=\"async\" src=\"https:\/\/keramikundkulturgut.de\/wp-content\/uploads\/2010\/10\/1020019-Kopie-150x150.jpg\" title=\"_1020019 - Kopie\" alt=\"\" width=\"150\" height=\"150\" class=\"attachment-thumbnail\" \/><\/a>\n\t\t\t<\/dt><\/dl><dl class='gallery-item' style='width: 25%;'>\n\t\t\t<dt class='gallery-icon'>\n\t\t\t\t<a href=\"https:\/\/keramikundkulturgut.de\/wp-content\/uploads\/2010\/10\/1000923.jpg\" rel=\"lightbox[28]\"><img loading=\"lazy\" decoding=\"async\" src=\"https:\/\/keramikundkulturgut.de\/wp-content\/uploads\/2010\/10\/1000923-150x150.jpg\" title=\"_1000923\" alt=\"\" width=\"150\" height=\"150\" class=\"attachment-thumbnail\" \/><\/a>\n\t\t\t<\/dt><\/dl><br style=\"clear: both\" \/><dl class='gallery-item' style='width: 25%;'>\n\t\t\t<dt class='gallery-icon'>\n\t\t\t\t<a href=\"https:\/\/keramikundkulturgut.de\/wp-content\/uploads\/2010\/10\/1000813.jpg\" rel=\"lightbox[28]\"><img loading=\"lazy\" decoding=\"async\" src=\"https:\/\/keramikundkulturgut.de\/wp-content\/uploads\/2010\/10\/1000813-150x150.jpg\" title=\"_1000813\" alt=\"\" width=\"150\" height=\"150\" class=\"attachment-thumbnail\" \/><\/a>\n\t\t\t<\/dt><\/dl><dl class='gallery-item' style='width: 25%;'>\n\t\t\t<dt class='gallery-icon'>\n\t\t\t\t<a href=\"https:\/\/keramikundkulturgut.de\/wp-content\/uploads\/2010\/10\/1000898.jpg\" rel=\"lightbox[28]\"><img loading=\"lazy\" decoding=\"async\" src=\"https:\/\/keramikundkulturgut.de\/wp-content\/uploads\/2010\/10\/1000898-150x150.jpg\" title=\"_1000898\" alt=\"\" width=\"150\" height=\"150\" class=\"attachment-thumbnail\" \/><\/a>\n\t\t\t<\/dt><\/dl><dl class='gallery-item' style='width: 25%;'>\n\t\t\t<dt class='gallery-icon'>\n\t\t\t\t<a href=\"https:\/\/keramikundkulturgut.de\/wp-content\/uploads\/2010\/10\/P1000991.jpg\" rel=\"lightbox[28]\"><img loading=\"lazy\" decoding=\"async\" src=\"https:\/\/keramikundkulturgut.de\/wp-content\/uploads\/2010\/10\/P1000991-150x150.jpg\" title=\"P1000991\" alt=\"\" width=\"150\" height=\"150\" class=\"attachment-thumbnail\" \/><\/a>\n\t\t\t<\/dt><\/dl><dl class='gallery-item' style='width: 25%;'>\n\t\t\t<dt class='gallery-icon'>\n\t\t\t\t<a href=\"https:\/\/keramikundkulturgut.de\/wp-content\/uploads\/2010\/10\/IMG_0356.jpg\" rel=\"lightbox[28]\"><img loading=\"lazy\" decoding=\"async\" src=\"https:\/\/keramikundkulturgut.de\/wp-content\/uploads\/2010\/10\/IMG_0356-150x150.jpg\" title=\"IMG_0356\" alt=\"\" width=\"150\" height=\"150\" class=\"attachment-thumbnail\" \/><\/a>\n\t\t\t<\/dt><\/dl><br style=\"clear: both\" \/><dl class='gallery-item' style='width: 25%;'>\n\t\t\t<dt class='gallery-icon'>\n\t\t\t\t<a href=\"https:\/\/keramikundkulturgut.de\/wp-content\/uploads\/2010\/10\/1000935.jpg\" rel=\"lightbox[28]\"><img loading=\"lazy\" decoding=\"async\" src=\"https:\/\/keramikundkulturgut.de\/wp-content\/uploads\/2010\/10\/1000935-150x150.jpg\" title=\"_1000935\" alt=\"\" width=\"150\" height=\"150\" class=\"attachment-thumbnail\" \/><\/a>\n\t\t\t<\/dt><\/dl><dl class='gallery-item' style='width: 25%;'>\n\t\t\t<dt class='gallery-icon'>\n\t\t\t\t<a href=\"https:\/\/keramikundkulturgut.de\/wp-content\/uploads\/2010\/10\/1000928.jpg\" rel=\"lightbox[28]\"><img loading=\"lazy\" decoding=\"async\" src=\"https:\/\/keramikundkulturgut.de\/wp-content\/uploads\/2010\/10\/1000928-150x150.jpg\" title=\"_1000928\" alt=\"\" width=\"150\" height=\"150\" class=\"attachment-thumbnail\" \/><\/a>\n\t\t\t<\/dt><\/dl><dl class='gallery-item' style='width: 25%;'>\n\t\t\t<dt class='gallery-icon'>\n\t\t\t\t<a href=\"https:\/\/keramikundkulturgut.de\/wp-content\/uploads\/2010\/10\/1000818.jpg\" rel=\"lightbox[28]\"><img loading=\"lazy\" decoding=\"async\" src=\"https:\/\/keramikundkulturgut.de\/wp-content\/uploads\/2010\/10\/1000818-150x150.jpg\" title=\"_1000818\" alt=\"\" width=\"150\" height=\"150\" class=\"attachment-thumbnail\" \/><\/a>\n\t\t\t<\/dt><\/dl><dl class='gallery-item' style='width: 25%;'>\n\t\t\t<dt class='gallery-icon'>\n\t\t\t\t<a href=\"https:\/\/keramikundkulturgut.de\/wp-content\/uploads\/2010\/10\/DSCI2260.jpg\" rel=\"lightbox[28]\"><img loading=\"lazy\" decoding=\"async\" src=\"https:\/\/keramikundkulturgut.de\/wp-content\/uploads\/2010\/10\/DSCI2260-150x150.jpg\" title=\"DSCI2260\" alt=\"\" width=\"150\" height=\"150\" class=\"attachment-thumbnail\" \/><\/a>\n\t\t\t<\/dt><\/dl><br style=\"clear: both\" \/><dl class='gallery-item' style='width: 25%;'>\n\t\t\t<dt class='gallery-icon'>\n\t\t\t\t<a href=\"https:\/\/keramikundkulturgut.de\/wp-content\/uploads\/2010\/10\/1000737.jpg\" rel=\"lightbox[28]\"><img loading=\"lazy\" decoding=\"async\" src=\"https:\/\/keramikundkulturgut.de\/wp-content\/uploads\/2010\/10\/1000737-150x150.jpg\" title=\"_1000737\" alt=\"\" width=\"150\" height=\"150\" class=\"attachment-thumbnail\" \/><\/a>\n\t\t\t<\/dt><\/dl><dl class='gallery-item' style='width: 25%;'>\n\t\t\t<dt class='gallery-icon'>\n\t\t\t\t<a href=\"https:\/\/keramikundkulturgut.de\/wp-content\/uploads\/2010\/10\/1000730.jpg\" rel=\"lightbox[28]\"><img loading=\"lazy\" decoding=\"async\" src=\"https:\/\/keramikundkulturgut.de\/wp-content\/uploads\/2010\/10\/1000730-150x150.jpg\" title=\"_1000730\" alt=\"\" width=\"150\" height=\"150\" class=\"attachment-thumbnail\" \/><\/a>\n\t\t\t<\/dt><\/dl><dl class='gallery-item' style='width: 25%;'>\n\t\t\t<dt class='gallery-icon'>\n\t\t\t\t<a href=\"https:\/\/keramikundkulturgut.de\/wp-content\/uploads\/2010\/10\/1000711.jpg\" rel=\"lightbox[28]\"><img loading=\"lazy\" decoding=\"async\" src=\"https:\/\/keramikundkulturgut.de\/wp-content\/uploads\/2010\/10\/1000711-150x150.jpg\" title=\"_1000711\" alt=\"\" width=\"150\" height=\"150\" class=\"attachment-thumbnail\" \/><\/a>\n\t\t\t<\/dt><\/dl>\n\t\t\t<br style='clear: both;' \/>\n\t\t<\/div>\n\n","protected":false},"excerpt":{"rendered":"<p>Ein kurzer Einblick in das Projekt keramik&amp;kulturGUT Glindow: Wir sind f\u00fcnf junge Keramiker, die sich w\u00e4hrend ihres Studiums an der Fachschule f\u00fcr Keramikgestaltung in H\u00f6hr-Grenzhausen kennen und sch\u00e4tzen gelernt haben. Unsere Idee ist die Schaffung eines Ortes, der \u00fcber die Entstehung, Ausstellung und den Verkauf unserer keramischen Erzeugnisse hinaus zu einem Ort der kreativen Begegnung&#8230;<\/p>\n","protected":false},"author":1,"featured_media":0,"parent":0,"menu_order":0,"comment_status":"closed","ping_status":"closed","template":"","meta":{"footnotes":""},"class_list":["post-28","page","type-page","status-publish","hentry"],"_links":{"self":[{"href":"https:\/\/keramikundkulturgut.de\/index.php?rest_route=\/wp\/v2\/pages\/28","targetHints":{"allow":["GET"]}}],"collection":[{"href":"https:\/\/keramikundkulturgut.de\/index.php?rest_route=\/wp\/v2\/pages"}],"about":[{"href":"https:\/\/keramikundkulturgut.de\/index.php?rest_route=\/wp\/v2\/types\/page"}],"author":[{"embeddable":true,"href":"https:\/\/keramikundkulturgut.de\/index.php?rest_route=\/wp\/v2\/users\/1"}],"replies":[{"embeddable":true,"href":"https:\/\/keramikundkulturgut.de\/index.php?rest_route=%2Fwp%2Fv2%2Fcomments&post=28"}],"version-history":[{"count":12,"href":"https:\/\/keramikundkulturgut.de\/index.php?rest_route=\/wp\/v2\/pages\/28\/revisions"}],"predecessor-version":[{"id":1122,"href":"https:\/\/keramikundkulturgut.de\/index.php?rest_route=\/wp\/v2\/pages\/28\/revisions\/1122"}],"wp:attachment":[{"href":"https:\/\/keramikundkulturgut.de\/index.php?rest_route=%2Fwp%2Fv2%2Fmedia&parent=28"}],"curies":[{"name":"wp","href":"https:\/\/api.w.org\/{rel}","templated":true}]}}