{"id":279,"date":"2011-05-12T20:03:59","date_gmt":"2011-05-12T20:03:59","guid":{"rendered":"http:\/\/keramikundkulturgut.de\/?page_id=279"},"modified":"2018-05-29T11:15:33","modified_gmt":"2018-05-29T11:15:33","slug":"impressum","status":"publish","type":"page","link":"https:\/\/keramikundkulturgut.de\/?page_id=279","title":{"rendered":"Impressum &#038; Datenschutzerkl\u00e4rung"},"content":{"rendered":"<p><strong>keramik&amp;kulturGUT Glindow<br \/>\n<\/strong><\/p>\n<p>Dr.-K\u00fclz-Str. 69<br \/>\n14542, Werder \/OT Glindow<\/p>\n<p>www.keramikundkulturgut.de<\/p>\n<p><a href=\"keramikundkulturgut@gmx.de\">keramikundkulturgut@gmx.de<\/a><\/p>\n<p><a href=\"mailto:keramischewerkstaetten@gmx.de\">keramischewerkstaetten@gmx.de<\/a><\/p>\n<p>Bei dem Inhalt unserer Internetseiten handelt es sich um urheberrechtlich gesch\u00fctzte Werke.\u00a0 Die \u00dcbernahme und Nutzung der Daten bedarf der schriftlichen Zustimmung.<\/p>\n<p><b>Datenschutzerkl\u00e4rung<br \/>\n<\/b><\/p>\n<p><strong>Diese Seite wird gehostet bei:<\/strong>\u00a0 WORDPRESS.org<\/p>\n<p>&nbsp;<\/p>\n<p><strong>Cookies und Auswertung:<\/strong>\u00a0Der Inhaber dieser Seite nutzt in keiner Weise die M\u00f6glichkeiten der Auswertung von Nutzerdaten dieser Internetseite. Cookies werden vom Betreiber dieser Seite nicht gespeichert oder ausgewertet. \u00dcber die Verwendung von Cookies und deren Auswertung beim Hostbetreiber informieren sie sich bei <a href=\"http:\/\/www.wordpress.org\">www.wordpress.org<\/a><\/p>\n<p><strong>Mail und Kontaktdaten:<\/strong>\u00a0Wenn sie \u00fcber Ihr Mailprogramm Kontakt zu<a href=\"mailto:keramikundkulturgut@gmx.de\">\u00a0keramikundkulturgut@gmx.de<\/a> oder <a href=\"mailto:keramischewerkstaetten@gmx.de\">keramischewerkstaetten@gmx.de<\/a> aufnehmen, sichert der Seitenbetreiber zu, diese Daten ausschlie\u00dflich f\u00fcr den angegebenen Zweck zu nutzen. Der Mailverkehr von dieser Seite ist SSL verschl\u00fcsselt. Eine Weitergabe von Webadressen, Mailadressen und personenbezogenen Daten an Dritte erfolgt nicht. Eine Ablage von Webadressen, Mailadressen und personenbezogenen Daten auf anderen externen Medien wie Cloud-Services erfolgt nicht. Die Nutzung ihrer eMail-Adresse f\u00fcr Informationen der Stadtgalerie KUNST-GESCHOSS erfolgt bis zu ihrem Widerruf. F\u00fcr den Widerruf gen\u00fcgt eine formlose eMail an\u00a0<a href=\"mailto:keramikundkulturgut@gmx.de\">keramikundkulturgut@gmx.de<\/a> oder <a href=\"mailto:keramischewerkstaetten@gmx.de\">keramischewerkstaetten@gmx.de<\/a>. Bei fortw\u00e4hrender Nichtereichbarkeit ihres Mailaccounts wird die von ihnen angegebene Mailadresse aus unserem Verzeichnis gel\u00f6scht.<\/p>\n<p><strong>Allgemeine inhaltliche Verantwortung:<\/strong>\u00a0F\u00fcr den Inhalt verlinkter Internetseiten \u00fcbernimmt der Seiteninhaber keine Haftung. Die Inhalte werden von den jeweiligen Inhaltgebern verantwortet. Hier\u00fcber informiert deren nachgeordnetes Impressum.<\/p>\n<p>Das gilt auch f\u00fcr die Verwendung von Scriptbibliotheken wie Google Webfonts auf anderen Seiten. Google Webfonts werden zur Vermeidung mehrfachen Ladens in den Cache Ihres Browsers \u00fcbertragen. Falls der Browser die Google Webfonts nicht unterst\u00fctzt oder den Zugriff unterbindet, werden Inhalte in einer Standardschrift angezeigt. Die Datenschutzrichtlinie von Google finden Sie hier:\u00a0<a href=\"https:\/\/deref-gmx.net\/mail\/client\/BfUBZNENib8\/dereferrer\/?redirectUrl=https%3A%2F%2Fpolicies.google.com%2Fprivacy\">https:\/\/policies.google.com\/privacy<\/a><\/p>\n<p>&nbsp;<\/p>\n","protected":false},"excerpt":{"rendered":"<p>keramik&amp;kulturGUT Glindow Dr.-K\u00fclz-Str. 69 14542, Werder \/OT Glindow www.keramikundkulturgut.de keramikundkulturgut@gmx.de keramischewerkstaetten@gmx.de Bei dem Inhalt unserer Internetseiten handelt es sich um urheberrechtlich gesch\u00fctzte Werke.\u00a0 Die \u00dcbernahme und Nutzung der Daten bedarf der schriftlichen Zustimmung. Datenschutzerkl\u00e4rung Diese Seite wird gehostet bei:\u00a0 WORDPRESS.org &nbsp; Cookies und Auswertung:\u00a0Der Inhaber dieser Seite nutzt in keiner Weise die M\u00f6glichkeiten der Auswertung&#8230;<\/p>\n","protected":false},"author":1,"featured_media":0,"parent":0,"menu_order":0,"comment_status":"closed","ping_status":"closed","template":"","meta":{"footnotes":""},"class_list":["post-279","page","type-page","status-publish","hentry"],"_links":{"self":[{"href":"https:\/\/keramikundkulturgut.de\/index.php?rest_route=\/wp\/v2\/pages\/279","targetHints":{"allow":["GET"]}}],"collection":[{"href":"https:\/\/keramikundkulturgut.de\/index.php?rest_route=\/wp\/v2\/pages"}],"about":[{"href":"https:\/\/keramikundkulturgut.de\/index.php?rest_route=\/wp\/v2\/types\/page"}],"author":[{"embeddable":true,"href":"https:\/\/keramikundkulturgut.de\/index.php?rest_route=\/wp\/v2\/users\/1"}],"replies":[{"embeddable":true,"href":"https:\/\/keramikundkulturgut.de\/index.php?rest_route=%2Fwp%2Fv2%2Fcomments&post=279"}],"version-history":[{"count":12,"href":"https:\/\/keramikundkulturgut.de\/index.php?rest_route=\/wp\/v2\/pages\/279\/revisions"}],"predecessor-version":[{"id":939,"href":"https:\/\/keramikundkulturgut.de\/index.php?rest_route=\/wp\/v2\/pages\/279\/revisions\/939"}],"wp:attachment":[{"href":"https:\/\/keramikundkulturgut.de\/index.php?rest_route=%2Fwp%2Fv2%2Fmedia&parent=279"}],"curies":[{"name":"wp","href":"https:\/\/api.w.org\/{rel}","templated":true}]}}