{"id":1848,"date":"2025-12-01T08:30:25","date_gmt":"2025-12-01T08:30:25","guid":{"rendered":"https:\/\/keramikundkulturgut.de\/?page_id=1848"},"modified":"2025-12-01T08:30:26","modified_gmt":"2025-12-01T08:30:26","slug":"novemberausstellung-2025","status":"publish","type":"page","link":"https:\/\/keramikundkulturgut.de\/?page_id=1848","title":{"rendered":"NovemberAusstellung 2025"},"content":{"rendered":"\n<figure class=\"wp-block-image size-large\"><a href=\"https:\/\/keramikundkulturgut.de\/wp-content\/uploads\/2025\/11\/Novemberausstellung25.vorne_.jpeg\" rel=\"lightbox[1848]\"><img loading=\"lazy\" decoding=\"async\" width=\"700\" height=\"337\" src=\"https:\/\/keramikundkulturgut.de\/wp-content\/uploads\/2025\/11\/Novemberausstellung25.vorne_-700x337.jpeg\" alt=\"\" class=\"wp-image-1841\" srcset=\"https:\/\/keramikundkulturgut.de\/wp-content\/uploads\/2025\/11\/Novemberausstellung25.vorne_-700x337.jpeg 700w, https:\/\/keramikundkulturgut.de\/wp-content\/uploads\/2025\/11\/Novemberausstellung25.vorne_-300x144.jpeg 300w, https:\/\/keramikundkulturgut.de\/wp-content\/uploads\/2025\/11\/Novemberausstellung25.vorne_-768x370.jpeg 768w, https:\/\/keramikundkulturgut.de\/wp-content\/uploads\/2025\/11\/Novemberausstellung25.vorne_-800x385.jpeg 800w, https:\/\/keramikundkulturgut.de\/wp-content\/uploads\/2025\/11\/Novemberausstellung25.vorne_.jpeg 1280w\" sizes=\"auto, (max-width: 700px) 100vw, 700px\" \/><\/a><\/figure>\n\n\n\n<figure class=\"wp-block-image size-large\"><a href=\"https:\/\/keramikundkulturgut.de\/wp-content\/uploads\/2025\/11\/Novemberausstellung25.hinten-1.jpeg\" rel=\"lightbox[1848]\"><img loading=\"lazy\" decoding=\"async\" width=\"700\" height=\"337\" src=\"https:\/\/keramikundkulturgut.de\/wp-content\/uploads\/2025\/11\/Novemberausstellung25.hinten-1-700x337.jpeg\" alt=\"\" class=\"wp-image-1844\" srcset=\"https:\/\/keramikundkulturgut.de\/wp-content\/uploads\/2025\/11\/Novemberausstellung25.hinten-1-700x337.jpeg 700w, https:\/\/keramikundkulturgut.de\/wp-content\/uploads\/2025\/11\/Novemberausstellung25.hinten-1-300x144.jpeg 300w, https:\/\/keramikundkulturgut.de\/wp-content\/uploads\/2025\/11\/Novemberausstellung25.hinten-1-768x370.jpeg 768w, https:\/\/keramikundkulturgut.de\/wp-content\/uploads\/2025\/11\/Novemberausstellung25.hinten-1-800x385.jpeg 800w, https:\/\/keramikundkulturgut.de\/wp-content\/uploads\/2025\/11\/Novemberausstellung25.hinten-1.jpeg 1280w\" sizes=\"auto, (max-width: 700px) 100vw, 700px\" \/><\/a><\/figure>\n\n\n<div><strong>Liebe FreundInnen und Interessierte der Keramischen Werkst\u00e4tten Glindow,\u00a0<\/strong><br \/><br \/><\/div>\n<div>noch leuchtet die Birke goldenfarben und die G\u00e4nse und Kraniche ziehen \u00fcber unseren Hof hinweg, doch k\u00fcndigt sich die Vorweihnachtszeit schon deutlich an.\u00a0<\/div>\n<div>Wie jedes Jahr um diese Zeit, laden wir Sie herzlich zur <strong>NovemberAusstellung<\/strong> auf dem Keramik&amp;KulturGUT Glindow ein. Diese findet am <strong>23. November von 11-18 Uhr<\/strong> statt.<\/div>\n<div>\u00a0<\/div>\n<div>\u00a0<\/div>\n<div>\u00a0<\/div>\n<div>Wir haben uns wieder ein paar besondere KollegInnen dazu eingeladen:<\/div>\n<div>\u00a0<\/div>\n<div><strong>Julika M\u00fcller &#8211; Schmuck und Objekte aus Berlin<\/strong><\/div>\n<div>&#8222;Seezeichen sind Schmuck und Okjekte, gegossen in &#8222;Verlorener Form&#8220;.<\/div>\n<div>Erfinden, Einformen, Ausbrennen und dann Gie\u00dfen ist wie eine lange Reise, und diese Reise hinterl\u00e4sst Spuren.&#8220;<\/div>\n<div>\u00a0<\/div>\n<div><strong>Kathrin Wunnicke-Schmid &#8211; Fotografik aus Werder<\/strong><\/div>\n<div>&#8222;Ich bewege mich in den feinen \u00dcberg\u00e4ngen, dort, wo etwas langsam auftaucht, leise wieder geht oder ebenso leise weiter geht. Durch meine Kamera, durch Erinnerung und tastende Aufmerksamkeit l\u00f6se ich Schichten, die sonst unbemerkt bleiben. Ich halte Ambivalenz nicht als Gegensatz, sondern als sanfte Spannung, die Beziehungen formt und tr\u00e4gt. So werden meine Bilder und Materialien Hinweise, leise Spuren davon, was unter der Oberfl\u00e4che still weiter atmet.&#8220;<\/div>\n<div>\u00a0<\/div>\n<div><strong>Florian Albrecht &#8211; Keramik aus Potsdam<\/strong><\/div>\n<div>&#8222;In meiner kleinen Ladenwerkstatt in Potsdam Babelsberg fertige ich auf der Drehscheibe Keramikobjekte aus Steinzeug in kleinen Serien an. Der Fokus meiner Arbeiten richtet sich hierbei auf die Form, Funktion und die \u00c4sthetik von allt\u00e4glichen Gebrauchsobjekten. Dabei ist mir ein sachliches und zeitgem\u00e4\u00dfes Design wichtig. Die Objekte stehen skulptural, alleine f\u00fcr sich oder f\u00fcgen sich in das Bestehende mit ein. Dabei ist mir ein harmonischen Verh\u00e4ltnis zwischen Material, Formgebung, Form und Farbe wichtig und eine stetige Suche. Hier richtet sich mein Fokus auf die Verwendung von lokalen Lehmen als Glasurrohstoff.&#8220;<\/div>\n<div>\u00a0<\/div>\n<div><strong>Hofimkerei Boecke &#8211;<\/strong> Honig und Bienenwachskerzen aus eigener Produktion<\/div>\n<div>\u00a0<\/div>\n<div><strong>Biohof Werder &#8211;<\/strong> Trockenblumen, Kr\u00e4nze und Zweige, sowie hausgemachte Suppe und Kuchen, w\u00e4rmender Kaffee und Gl\u00fchwein<\/div>\n<div>\u00a0<\/div>\n<div>Um <strong>15 Uhr<\/strong> findet ein Konzert der <strong>RAT\u00b4s Unplugged<\/strong> statt.<\/div>\n<div>Die RAT\u00b4s sind eine sehr dynamische, dreik\u00f6pfige Band, deren Musik sich aus Punkrock der 80er, Surfrock der 60er und Psychedelicrock der 70er zusammensetzt.\u00a0<\/div>\n<div>&#8222;Unplugged&#8220; wandeln sie ihre tanzbare, jedoch eher brachiale Musik, in bek\u00f6mmliche H\u00e4ppchen um.<\/div>\n<div>Holzkoffer, Kontrabass und Akustikgitarre werden Mittel zum Zweck und durch die gehaltvolle Stimme des australischen S\u00e4ngers Andrew untermalt, erzeugen sie eine ganz neue Stimmung, zu der man es sich gem\u00fctlich machen, konzentriert lauschen oder auch das Tanzbein schwingen kann.<\/div>\n<div>\u00a0<\/div>\n<div>\u00a0<\/div>\n<div>\u00a0<\/div>\n<div>Wir freuen uns, Sie in den weihnachtlichen Werkst\u00e4tten, am Lagerfeuer oder beim Konzert zu treffen und hoffen auf einen gem\u00fctlichen Voradventssonntag mit Ihnen,<\/div>\n<div>\u00a0<\/div>\n<div>Herzliche Gr\u00fc\u00dfe,<\/div>\n<div>Julia Winter, Carolin Wachter, Maren Sahl-Bauer, Jule und Martin Grade<\/div>","protected":false},"excerpt":{"rendered":"<p>Liebe FreundInnen und Interessierte der Keramischen Werkst\u00e4tten Glindow,\u00a0 noch leuchtet die Birke goldenfarben und die G\u00e4nse und Kraniche ziehen \u00fcber unseren Hof hinweg, doch k\u00fcndigt sich die Vorweihnachtszeit schon deutlich an.\u00a0 Wie jedes Jahr um diese Zeit, laden wir Sie herzlich zur NovemberAusstellung auf dem Keramik&amp;KulturGUT Glindow ein. Diese findet am 23. November von 11-18&#8230;<\/p>\n","protected":false},"author":1,"featured_media":0,"parent":0,"menu_order":0,"comment_status":"closed","ping_status":"closed","template":"","meta":{"footnotes":""},"class_list":["post-1848","page","type-page","status-publish","hentry"],"_links":{"self":[{"href":"https:\/\/keramikundkulturgut.de\/index.php?rest_route=\/wp\/v2\/pages\/1848","targetHints":{"allow":["GET"]}}],"collection":[{"href":"https:\/\/keramikundkulturgut.de\/index.php?rest_route=\/wp\/v2\/pages"}],"about":[{"href":"https:\/\/keramikundkulturgut.de\/index.php?rest_route=\/wp\/v2\/types\/page"}],"author":[{"embeddable":true,"href":"https:\/\/keramikundkulturgut.de\/index.php?rest_route=\/wp\/v2\/users\/1"}],"replies":[{"embeddable":true,"href":"https:\/\/keramikundkulturgut.de\/index.php?rest_route=%2Fwp%2Fv2%2Fcomments&post=1848"}],"version-history":[{"count":1,"href":"https:\/\/keramikundkulturgut.de\/index.php?rest_route=\/wp\/v2\/pages\/1848\/revisions"}],"predecessor-version":[{"id":1849,"href":"https:\/\/keramikundkulturgut.de\/index.php?rest_route=\/wp\/v2\/pages\/1848\/revisions\/1849"}],"wp:attachment":[{"href":"https:\/\/keramikundkulturgut.de\/index.php?rest_route=%2Fwp%2Fv2%2Fmedia&parent=1848"}],"curies":[{"name":"wp","href":"https:\/\/api.w.org\/{rel}","templated":true}]}}