{"id":1811,"date":"2025-06-23T09:30:17","date_gmt":"2025-06-23T09:30:17","guid":{"rendered":"https:\/\/keramikundkulturgut.de\/?page_id=1811"},"modified":"2025-06-23T09:30:17","modified_gmt":"2025-06-23T09:30:17","slug":"sommerausstellung-2025","status":"publish","type":"page","link":"https:\/\/keramikundkulturgut.de\/?page_id=1811","title":{"rendered":"SommerAusstellung 2025"},"content":{"rendered":"\n<figure class=\"wp-block-image size-large\"><a href=\"https:\/\/keramikundkulturgut.de\/wp-content\/uploads\/2025\/06\/Sommer-Karte-2025-scaled.jpg\" rel=\"lightbox[1811]\"><img loading=\"lazy\" decoding=\"async\" width=\"700\" height=\"337\" src=\"https:\/\/keramikundkulturgut.de\/wp-content\/uploads\/2025\/06\/Sommer-Karte-2025-700x337.jpg\" alt=\"\" class=\"wp-image-1812\" srcset=\"https:\/\/keramikundkulturgut.de\/wp-content\/uploads\/2025\/06\/Sommer-Karte-2025-700x337.jpg 700w, https:\/\/keramikundkulturgut.de\/wp-content\/uploads\/2025\/06\/Sommer-Karte-2025-300x144.jpg 300w, https:\/\/keramikundkulturgut.de\/wp-content\/uploads\/2025\/06\/Sommer-Karte-2025-768x370.jpg 768w, https:\/\/keramikundkulturgut.de\/wp-content\/uploads\/2025\/06\/Sommer-Karte-2025-1536x740.jpg 1536w, https:\/\/keramikundkulturgut.de\/wp-content\/uploads\/2025\/06\/Sommer-Karte-2025-2048x986.jpg 2048w, https:\/\/keramikundkulturgut.de\/wp-content\/uploads\/2025\/06\/Sommer-Karte-2025-800x385.jpg 800w\" sizes=\"auto, (max-width: 700px) 100vw, 700px\" \/><\/a><\/figure>\n\n\n<p>Liebe Freunde und Freundinnen der Keramischen Werkst\u00e4tten Glindow,\u00a0<\/p>\n<p>endlich ist er da, der Sommer!<\/p>\n<p>Das wollen wir feiern und laden Sie herzlich ein, zur diesj\u00e4hrigen SommerAusstellung am 29. Juni 2025 von 11-18 Uhr auf dem Keramik&amp;KulturGUT Glindow.<\/p>\n<p>Bet\u00f6rend, Kostbar, Ohnegleichen, Abendhauch und Donnerlittchen&#8230; sind nur ein paar der W\u00f6rter oder Wortspiele, die unsere G\u00e4ste, <strong>Thomas Hirschler<\/strong> und <strong>Kaja Witt<\/strong>\u00a0aus Berlin, Pankow, in ihre schlichten, pastellfarbenen Porzellanbecher von Hand stempeln. Ihre <strong>Schriftbecher<\/strong> sind Worte zum Anfassen: morgendlicher Kaffeegru\u00df, Philosophierhilfe, Fingerzeig, Mutmacher \u2013 doppeldeutig, hintersinnig oder einfach wohlklingend.\u00a0<\/p>\n<p><a href=\"https:\/\/deref-gmx.net\/mail\/client\/YITA_To2kdk\/dereferrer\/?redirectUrl=https%3A%2F%2Fderef-gmx.net%2Fmail%2Fclient%2FiUzTwoNTU_0%2Fdereferrer%2F%3FredirectUrl%3Dhttps%253A%252F%252Fwww.schriftbecher.de\">www.schriftbecher.de<\/a><\/p>\n<p><strong>Helmut Menzel<\/strong>, ebenfalls aus Berlin, pr\u00e4gt in seinen Keramischen Arbeiten ein Feuerwerk an Farben, Mustern und Strukturen. Seine Vasen, Teller und Becher werden durch ein vielschichtiges Verfahren aus Schablonen, Klebeb\u00e4ndern, \u00dcbermalungen und Abziehprozessen komponiert. Kreise, Strahlen, Linien &#8211; ein dichtes Neben- und \u00dcbereinander von Gestaltungselementen verleiht den Objekten Rhythmus, Bewegung und spielerische Energie.<\/p>\n<p><a href=\"https:\/\/deref-gmx.net\/mail\/client\/EP-dC2trn4A\/dereferrer\/?redirectUrl=https%3A%2F%2Fderef-gmx.net%2Fmail%2Fclient%2Fy1k6-l4DEq0%2Fdereferrer%2F%3FredirectUrl%3Dhttps%253A%252F%252Fwww.keramikmarkt.online%252Fhelmut-menzel\">www.keramikmarkt.online\/helmut-menzel<\/a><\/p>\n<p>Die <strong>Hofimkerei Boecke<\/strong> wird wieder mit ihren vielseitigen und hochwertigen Produkten der Honigbiene da sein.<\/p>\n<p>Instrumentale Musik steuert ein Akustik-Trio aus Werder um <strong>Sebastian Laboor<\/strong> (git), <strong>Markus Scherschel<\/strong> (git) und <strong>Thomas Bratzke<\/strong> (b) bei.<\/p>\n<p>Eine kleine, aber feine Auswahl kulinarischer Leckereien wird es nat\u00fcrlich auch geben&#8230;<\/p>\n<p>Doch freuen wir uns besonders, Ihnen einen edlen Tropfen heimischen Weines anbieten zu k\u00f6nnen. Das seit 2023 Bio-Zertifizierte\u00a0<strong>Weingut Swillus<\/strong> betreibt seine Weinberge in Werder und Glindow. <a href=\"https:\/\/deref-gmx.net\/mail\/client\/27KFXvRJp6U\/dereferrer\/?redirectUrl=https%3A%2F%2Fderef-gmx.net%2Fmail%2Fclient%2F1bk0Aik5FLk%2Fdereferrer%2F%3FredirectUrl%3Dhttps%253A%252F%252Fwww.weingut-swillus.de%252Finfo-1\">www.weingut-swillus.de\/info-1<\/a><\/p>\n<p>\u00dcber einen entspannten Sommertag auf unserem Hof mit Ihnen freuen wir uns.<\/p>\n<p><strong>Herzlich,<\/strong><\/p>\n<p><strong>Julia Winter, Carolin Wachter, Maren Sahl-Bauer, Jule und Martin Grade<\/strong><\/p>\n<p>Keramische Werkst\u00e4tten Glindow e.V.<\/p>\n<p>auf dem\u00a0<\/p>\n<p>Keramik&amp;KulturGUT Glindow GbR<br \/>Dr.-K\u00fclz-Str. 69, Eingang Alpenstra\u00dfe<br \/>14542 Werder\/ OT Glindow<br \/><a href=\"https:\/\/deref-gmx.net\/mail\/client\/ONlSYFpwqFg\/dereferrer\/?redirectUrl=https%3A%2F%2Fderef-gmx.net%2Fmail%2Fclient%2FzGhpirMdEUA%2Fdereferrer%2F%3FredirectUrl%3Dhttp%253A%252F%252Fwww.keramikundkulturgut.de\">www.keramikundkulturgut.de<\/a><\/p>","protected":false},"excerpt":{"rendered":"<p>Liebe Freunde und Freundinnen der Keramischen Werkst\u00e4tten Glindow,\u00a0 endlich ist er da, der Sommer! Das wollen wir feiern und laden Sie herzlich ein, zur diesj\u00e4hrigen SommerAusstellung am 29. Juni 2025 von 11-18 Uhr auf dem Keramik&amp;KulturGUT Glindow. Bet\u00f6rend, Kostbar, Ohnegleichen, Abendhauch und Donnerlittchen&#8230; sind nur ein paar der W\u00f6rter oder Wortspiele, die unsere G\u00e4ste, Thomas&#8230;<\/p>\n","protected":false},"author":1,"featured_media":0,"parent":0,"menu_order":0,"comment_status":"closed","ping_status":"closed","template":"","meta":{"footnotes":""},"class_list":["post-1811","page","type-page","status-publish","hentry"],"_links":{"self":[{"href":"https:\/\/keramikundkulturgut.de\/index.php?rest_route=\/wp\/v2\/pages\/1811","targetHints":{"allow":["GET"]}}],"collection":[{"href":"https:\/\/keramikundkulturgut.de\/index.php?rest_route=\/wp\/v2\/pages"}],"about":[{"href":"https:\/\/keramikundkulturgut.de\/index.php?rest_route=\/wp\/v2\/types\/page"}],"author":[{"embeddable":true,"href":"https:\/\/keramikundkulturgut.de\/index.php?rest_route=\/wp\/v2\/users\/1"}],"replies":[{"embeddable":true,"href":"https:\/\/keramikundkulturgut.de\/index.php?rest_route=%2Fwp%2Fv2%2Fcomments&post=1811"}],"version-history":[{"count":1,"href":"https:\/\/keramikundkulturgut.de\/index.php?rest_route=\/wp\/v2\/pages\/1811\/revisions"}],"predecessor-version":[{"id":1813,"href":"https:\/\/keramikundkulturgut.de\/index.php?rest_route=\/wp\/v2\/pages\/1811\/revisions\/1813"}],"wp:attachment":[{"href":"https:\/\/keramikundkulturgut.de\/index.php?rest_route=%2Fwp%2Fv2%2Fmedia&parent=1811"}],"curies":[{"name":"wp","href":"https:\/\/api.w.org\/{rel}","templated":true}]}}