{"id":1774,"date":"2024-11-10T11:44:04","date_gmt":"2024-11-10T11:44:04","guid":{"rendered":"https:\/\/keramikundkulturgut.de\/?page_id=1774"},"modified":"2024-11-10T11:44:04","modified_gmt":"2024-11-10T11:44:04","slug":"novemberausstellung-2024","status":"publish","type":"page","link":"https:\/\/keramikundkulturgut.de\/?page_id=1774","title":{"rendered":"NovemberAusstellung 2024"},"content":{"rendered":"<p><a href=\"https:\/\/keramikundkulturgut.de\/wp-content\/uploads\/2024\/11\/plakat-25-beschnitten-scaled.jpg\" rel=\"lightbox[1774]\"><img loading=\"lazy\" decoding=\"async\" class=\"aligncenter size-large wp-image-1775\" src=\"https:\/\/keramikundkulturgut.de\/wp-content\/uploads\/2024\/11\/plakat-25-beschnitten-700x389.jpg\" alt=\"\" width=\"700\" height=\"389\" srcset=\"https:\/\/keramikundkulturgut.de\/wp-content\/uploads\/2024\/11\/plakat-25-beschnitten-700x389.jpg 700w, https:\/\/keramikundkulturgut.de\/wp-content\/uploads\/2024\/11\/plakat-25-beschnitten-300x167.jpg 300w, https:\/\/keramikundkulturgut.de\/wp-content\/uploads\/2024\/11\/plakat-25-beschnitten-768x427.jpg 768w, https:\/\/keramikundkulturgut.de\/wp-content\/uploads\/2024\/11\/plakat-25-beschnitten-1536x854.jpg 1536w, https:\/\/keramikundkulturgut.de\/wp-content\/uploads\/2024\/11\/plakat-25-beschnitten-2048x1138.jpg 2048w, https:\/\/keramikundkulturgut.de\/wp-content\/uploads\/2024\/11\/plakat-25-beschnitten-800x445.jpg 800w, https:\/\/keramikundkulturgut.de\/wp-content\/uploads\/2024\/11\/plakat-25-beschnitten-1080x600.jpg 1080w\" sizes=\"auto, (max-width: 700px) 100vw, 700px\" \/><\/a>Liebe Freunde und Freundinnen, liebe Interessierte der Keramischen Werkst\u00e4tten Glindow e.V., wir freuen uns, Ihnen den grauen Herbst mit einer bunten Ank\u00fcndigung etwas lichter werden zu lassen. Unsere j\u00e4hrliche <strong>NovemberAusstellung<\/strong> steht quasi schon vor der T\u00fcr! Am <strong>24.11.24 von 11-18<\/strong> Uhr laden wir Sie herzlich auf das Keramik&amp;KulturGUT Glindow ein und freuen uns, Ihnen wieder einige unserer interessantesten KollegInnen als G\u00e4ste vorstellen zu d\u00fcrfen:<\/p>\n<p><strong>Andrea Baumann \u2013 Handgeformtes Porzellan<\/strong><\/p>\n<p>Die hauchzarten \u00a0Schalen, Becher und Teller, \u00a0der in \u00d6sterreich lebenden K\u00fcnstlerin Andrea Baumann, werden von Hand geformt. Durch das h\u00e4ndische Aufbauen entstehen eine unregelm\u00e4\u00dfige Wandst\u00e4rke und die organische Form. Die in zarten Rosa, Grau &#8211; und Wei\u00dfabstufungen gehaltenen St\u00fccke werden\u00a0 meist noch durch einen Goldrand oder fl\u00e4chigen Goldauftrag veredelt.<\/p>\n<p><strong>Ross de Wayne Campbell \u2013 Insekten aus Ton<\/strong><\/p>\n<p>Der geb\u00fcrtige Amerikaner Ross de Wayne Campbell ist der Meister der Insekten. Seine realistisch anmutenden K\u00e4fer, Libellen, Schmetterlinge, Ameisen und Heuschrecken baut er aus einzelnen Ton-Segmenten mit Hilfe von Draht detailgetreu zusammen. Sie bilden einen mehr als au\u00dfergew\u00f6hnlichen Wandschmuck.<\/p>\n<p><strong>Klara Kallenbach \u2013 Tierplastiken<\/strong><\/p>\n<p>Auf eher exotische Tiere hat sich die Berliner K\u00fcnstlerin Klara Kallenbach spezialisiert. Sie baut aus Ton erstaunlich gro\u00dfe, naiv anmutende Tiere auf, die von ihr in knalligen Farben und wilden Mustern gestaltet werden.<\/p>\n<p><strong>Helmut Menzel \u2013 Porzellan<\/strong><\/p>\n<p>Starke Kontraste machen die Porzellanarbeiten des Berliner Keramikers Helmut Menzel aus. Seien es seine streng geometrischen Vasen, die sowohl in ihrer Form, als auch bei der Oberfl\u00e4chengestaltung und Farbwahl sehr Kontrastreich daher kommen. So bilden im Gegensatz dazu, seine neuen Arbeiten, mit ihrer weichen Formgestaltung und einem scheinbar zuf\u00e4llig entstandenen Oberfl\u00e4chenspiel, wiederrum einen starken Kontrast.<\/p>\n<p><strong>Anke Roschka- Schmuck und Porzellan<\/strong><\/p>\n<p>In ihrem Atelier in Berlin Kreuzberg stellt die Keramikerin und Schmuckgestalterin Anke Roschka Unikate und Kleinserien her, deren Oberfl\u00e4chen von der Natur inspiriert sind. So gibt es Vasen und Schalen mit Rinden- oder Steinoberfl\u00e4chen, sowie eine Gef\u00e4\u00dfserie, die in Papieroptik gehalten ist. Zus\u00e4tzlich stellt sie zeitlos sch\u00f6nen Schmuck aus einer Kombination von farbig glasiertem Porzellan, Edelsteinen und Edelmetall her.<\/p>\n<p><strong>Daisy Watkiss \u2013 Erz\u00e4hlungen und Fotografien<\/strong><\/p>\n<p>Die geb\u00fcrtige Engl\u00e4nderin Daisy Watkiss ist Gr\u00fcndungsmitglied des in Glindow beheimateten Wandertheaters \u201eTon und Kirschen\u201c. Sie ist dort nicht nur als Schau- und Puppenspielerin t\u00e4tig, sondern kreiert auch die B\u00fchnenbilder, die Beleuchtung und die Puppen der Gruppe. Seit fast drei Jahrzehnten lebt und arbeitet sie in Glindow, Werder (Havel), und hat die Ver\u00e4nderungen der Menschen und ihrer Umgebung vor Ort miterlebt.<\/p>\n<p>Bei der NovemberAusstellung pr\u00e4sentiert sie eine Sammlung von Bildern und Erinnerungen, welche Teile der pers\u00f6nlichen Geschichten von Einwohnern aus Werder dokumentieren, die die Ver\u00e4nderungen durch die Wiedervereinigung von Ost- und Westdeutschland miterlebt haben. Diese sollen nicht nur die individuellen Erfahrungen wie Freude, Ungewissheit, T\u00e4uschung und Nostalgie w\u00fcrdigen, sondern auch das kulturelle Erbe der Gemeinschaft bewahren, welche sich an die monumentalen gesellschaftlichen Ver\u00e4nderungen angepasst hat. Eine Erinnerung daran, welchen Einfluss diese Menschen hatten und wie sehr unsere Gegenwart von ihrer Vergangenheit gepr\u00e4gt ist.<\/p>\n<p>Das Projekt wurde durch den Kunst- und Kulturfond Werder (Havel) gef\u00f6rdert.<\/p>\n<p>Der Biohof Werder sorgt f\u00fcr das leibliche Wohl und die Hofimkerei Boecke bringt alles Rund um die Honigbiene auf den Tisch.<\/p>\n<p>Wir freuen uns, mit Ihnen ein wenig vorweihnachtliche Stimmung an der Feuerschale zu genie\u00dfen.<\/p>\n<p>Herzliche Gr\u00fc\u00dfe,<\/p>\n<p>Julia Winter, Maren Sahl-Bauer, Carolin Wachter, Martin und Jule Grade<\/p>\n","protected":false},"excerpt":{"rendered":"<p>Liebe Freunde und Freundinnen, liebe Interessierte der Keramischen Werkst\u00e4tten Glindow e.V., wir freuen uns, Ihnen den grauen Herbst mit einer bunten Ank\u00fcndigung etwas lichter werden zu lassen. Unsere j\u00e4hrliche NovemberAusstellung steht quasi schon vor der T\u00fcr! Am 24.11.24 von 11-18 Uhr laden wir Sie herzlich auf das Keramik&amp;KulturGUT Glindow ein und freuen uns, Ihnen wieder&#8230;<\/p>\n","protected":false},"author":1,"featured_media":0,"parent":0,"menu_order":0,"comment_status":"closed","ping_status":"closed","template":"","meta":{"footnotes":""},"class_list":["post-1774","page","type-page","status-publish","hentry"],"_links":{"self":[{"href":"https:\/\/keramikundkulturgut.de\/index.php?rest_route=\/wp\/v2\/pages\/1774","targetHints":{"allow":["GET"]}}],"collection":[{"href":"https:\/\/keramikundkulturgut.de\/index.php?rest_route=\/wp\/v2\/pages"}],"about":[{"href":"https:\/\/keramikundkulturgut.de\/index.php?rest_route=\/wp\/v2\/types\/page"}],"author":[{"embeddable":true,"href":"https:\/\/keramikundkulturgut.de\/index.php?rest_route=\/wp\/v2\/users\/1"}],"replies":[{"embeddable":true,"href":"https:\/\/keramikundkulturgut.de\/index.php?rest_route=%2Fwp%2Fv2%2Fcomments&post=1774"}],"version-history":[{"count":1,"href":"https:\/\/keramikundkulturgut.de\/index.php?rest_route=\/wp\/v2\/pages\/1774\/revisions"}],"predecessor-version":[{"id":1776,"href":"https:\/\/keramikundkulturgut.de\/index.php?rest_route=\/wp\/v2\/pages\/1774\/revisions\/1776"}],"wp:attachment":[{"href":"https:\/\/keramikundkulturgut.de\/index.php?rest_route=%2Fwp%2Fv2%2Fmedia&parent=1774"}],"curies":[{"name":"wp","href":"https:\/\/api.w.org\/{rel}","templated":true}]}}