{"id":1755,"date":"2024-06-16T20:11:09","date_gmt":"2024-06-16T20:11:09","guid":{"rendered":"https:\/\/keramikundkulturgut.de\/?page_id=1755"},"modified":"2024-07-04T07:20:13","modified_gmt":"2024-07-04T07:20:13","slug":"sommerausstellung-2024","status":"publish","type":"page","link":"https:\/\/keramikundkulturgut.de\/?page_id=1755","title":{"rendered":"SommerAusstellung 2024"},"content":{"rendered":"<p><!--more--><\/p>\n<div>Liebe Freundinnen und Freunde der Keramischen Werkst\u00e4tten Glindow e.V., liebe Interessierte,<\/div>\n<div><\/div>\n<div>wir laden Sie herzlich ein zu unserer <strong>SommerAusstellung 2024<\/strong> am<strong> 07. Juli<\/strong> von <strong>11-18 Uhr<\/strong> auf dem Keramik&amp;KulturGut Glindow.<\/div>\n<div><\/div>\n<div>Auch in diesem Jahr m\u00f6chten wir Ihnen an dieser Stelle unsere vielf\u00e4ltigen und vielseitigen G\u00e4ste etwas n\u00e4her vorstellen:<\/div>\n<div><\/div>\n<div><\/div>\n<div><\/div>\n<div><strong>Annika Ha\u00df &#8211; Fotografien<\/strong><\/div>\n<div>Hinterland. Fotografien einer Reise durch Norwegen.<\/div>\n<div>W\u00e4hrend eines einj\u00e4hrigen Aufenthaltes entstanden Aufnahmen einfacher norwegischer Katen in der Einsamkeit und Stille Nordskandinaviens.<\/div>\n<div><a href=\"https:\/\/www.instagram.com\/_annuk____\/\" target=\"_blank\" rel=\"noopener\" data-cke-saved-href=\"https:\/\/www.instagram.com\/_annuk____\/\">https:\/\/www.instagram.com\/_annuk____\/<\/a><\/div>\n<div><\/div>\n<div><strong>Thomas Bratzke &#8211; Porzellan, Zeichnung<\/strong><\/div>\n<div>Mit \u201eGef\u00e4\u00df A\u201c pr\u00e4sentiert der Bildhauer Thomas Bratzke eine Reihe von blau bemalten und beschrifteten Porzellanplastiken. Ein Wort, wie auch seine kleinste Einheit, der Buchstabe, ist Speicher von sich stetig \u00e4ndernder Bedeutung. Kein \u201eA\u201c ist wie das andere.<\/div>\n<div><a href=\"https:\/\/thomasbratzke.de\/\" target=\"_blank\" rel=\"noopener\" data-cke-saved-href=\"https:\/\/thomasbratzke.de\/\">https:\/\/thomasbratzke.de\/<\/a><\/div>\n<div><\/div>\n<div><strong>Heide Rejek &#8211; Keramik<\/strong><\/div>\n<div>Heide Rejeks Gef\u00e4\u00dfe sind von Hand aufgebaut. Die Spuren der feinen Bewegungen vermitteln sich im Volumen der Form und in der Haptik der Oberfl\u00e4che. Auch ihr graphischer Ausdruck ist gepr\u00e4gt durch den Bewegungsfluss und den Kontakt beider H\u00e4nde mit der Gef\u00e4\u00dfoberfl\u00e4che.<\/div>\n<div><a href=\"https:\/\/mailaden-keramik.de\/keramik\/heide.html\" target=\"_blank\" rel=\"noopener\" data-cke-saved-href=\"https:\/\/mailaden-keramik.de\/keramik\/heide.html\">https:\/\/mailaden-keramik.de\/keramik\/heide.html<\/a><\/div>\n<div><\/div>\n<div><strong>Katharina Gerold &#8211; Skulptur<\/strong><\/div>\n<div>Katharina Gerold beobachtet Menschen in ihren differenten Momenten von Gesten, Habitus und Charakter, sie sind ihr Zufall, Zeugnis und Echo. Daraus formt sie schmale, eigenwillig auf ihr Profil reduziert Gesichter, die ausdrucksstark in den Raum ragen.<\/div>\n<div><a href=\"https:\/\/katharinagerold.com\/\" target=\"_blank\" rel=\"noopener\" data-cke-saved-href=\"https:\/\/katharinagerold.com\/\">https:\/\/katharinagerold.com\/<\/a><\/div>\n<div><\/div>\n<div><strong>Sabine Breithor &#8211; Keramische Plastik<\/strong><\/div>\n<div>\n<div>Sabine Breithor baut ihre Keramik auf. Mehr noch als beim Formen von Schalen und Vasen entfacht sich ihr k\u00fcnstlerischer Sinn beim Gestalten von plastischen Skulpturen aus schamottierten Ton in erdigen, naturverbundenen Farben, die gerade, oder trotz, ihres minimalistischem Ausdrucks, wirken k\u00f6nnen.<\/div>\n<div><a href=\"https:\/\/www.sabine-breithor.de\/\" target=\"_blank\" rel=\"noopener\" data-cke-saved-href=\"https:\/\/www.sabine-breithor.de\/\">https:\/\/www.sabine-breithor.de\/<\/a><\/div>\n<div><\/div>\n<div><strong>Katharina M\u00fcller &#8211; Collage<\/strong><\/div>\n<div>\n<div>F\u00fcr ihre Collagen nutzt Katharina M\u00fcller eigene Acrylbilder, die sie zerschneidet und zu neuen Kompositionen zusammenf\u00fcgt. Bei der Gestaltung der Grafiken l\u00e4sst sie sich von Farben und Formen leiten, welche auf \u00fcberraschende und \u00e4sthetische Weise wieder neu zusammenfinden. Diese Herangehensweise erm\u00f6glicht, sich dem Ergebnis forschend und spielerisch zu n\u00e4hern. So entstehen Collagen, die sich auf keine konkrete Aussage festlegen lassen und individuellen Assoziationen Raum geben.<\/div>\n<div><a href=\"https:\/\/katkunst.com\/kunst2\" target=\"_blank\" rel=\"noopener\" data-cke-saved-href=\"https:\/\/katkunst.com\/kunst2\">https:\/\/katkunst.com\/kunst2<\/a><\/div>\n<div><\/div>\n<div><strong>Um 16 Uhr<\/strong> wird es ein kleines Konzert geben von der potsdamer Musikerin<strong> Polina Borissova<\/strong> aka <strong>Polisfera<\/strong>.<\/div>\n<div>Die K\u00fcnstlerin Polina Borissova, die als Clownin in Krisengebieten (u. a. Ukraine) und Krankenh\u00e4usern arbeitet, steht nun auch als S\u00e4ngerin und Komponistin mit eigenem Soloprogramm auf der B\u00fchne. Mit sph\u00e4rischen Kl\u00e4ngen und ber\u00fchrenden Texten erschafft sie intensive Atmosph\u00e4ren. Sie singt mehrsprachig und begleitet sich auf mehreren Instrumenen dabei. Polina Borissova sprengt mit ihrer Musik kulturelle und sprachliche Grenzen.<\/div>\n<div><a href=\"https:\/\/direct.me\/polisfera#\" target=\"_blank\" rel=\"noopener\" data-cke-saved-href=\"https:\/\/direct.me\/polisfera#\">https:\/\/direct.me\/polisfera#<\/a><\/div>\n<div><a href=\"https:\/\/www.instagram.com\/polisfera_\/\" target=\"_blank\" rel=\"noopener\" data-cke-saved-href=\"https:\/\/www.instagram.com\/polisfera_\/\">https:\/\/www.instagram.com\/polisfera_\/<\/a><\/div>\n<\/div>\n<div><\/div>\n<div>Die <strong>Hofimkerei Boecke<\/strong> kommt mit Honig, Kerzen und mehr.<\/div>\n<div><\/div>\n<div>Nat\u00fcrlich wird es auch Kaffee und Kuchen sowie weitere Leckereien geben. (Dieses Jahr von unserem Verein selbst.)<\/div>\n<div><\/div>\n<div>Zeitgleich findet in Glindow am Jahnufer das Kirsch-und Ziegelfest statt. Es lohnt sich also nach Glindow zu kommen!<\/div>\n<div><\/div>\n<div>Wir freuen uns auf einen sch\u00f6nen Sommertag mit Ihnen.<\/div>\n<div><\/div>\n<div>Herzlich,<\/div>\n<div>Julia Winter, Maren Sahl-Bauer, Carolin Wachter, Jule und Martin Grade<\/div>\n<\/div>\n<p><a href=\"https:\/\/keramikundkulturgut.de\/wp-content\/uploads\/2024\/06\/plakat-24-scaled.jpg\" rel=\"lightbox[1755]\"><img loading=\"lazy\" decoding=\"async\" class=\"aligncenter size-large wp-image-1753\" src=\"https:\/\/keramikundkulturgut.de\/wp-content\/uploads\/2024\/06\/plakat-24-700x990.jpg\" alt=\"\" width=\"700\" height=\"990\" srcset=\"https:\/\/keramikundkulturgut.de\/wp-content\/uploads\/2024\/06\/plakat-24-700x990.jpg 700w, https:\/\/keramikundkulturgut.de\/wp-content\/uploads\/2024\/06\/plakat-24-212x300.jpg 212w, https:\/\/keramikundkulturgut.de\/wp-content\/uploads\/2024\/06\/plakat-24-768x1086.jpg 768w, https:\/\/keramikundkulturgut.de\/wp-content\/uploads\/2024\/06\/plakat-24-1086x1536.jpg 1086w, https:\/\/keramikundkulturgut.de\/wp-content\/uploads\/2024\/06\/plakat-24-1448x2048.jpg 1448w, https:\/\/keramikundkulturgut.de\/wp-content\/uploads\/2024\/06\/plakat-24-800x1131.jpg 800w, https:\/\/keramikundkulturgut.de\/wp-content\/uploads\/2024\/06\/plakat-24-scaled.jpg 1810w\" sizes=\"auto, (max-width: 700px) 100vw, 700px\" \/><\/a><\/p>\n","protected":false},"excerpt":{"rendered":"","protected":false},"author":1,"featured_media":0,"parent":0,"menu_order":0,"comment_status":"closed","ping_status":"closed","template":"","meta":{"footnotes":""},"class_list":["post-1755","page","type-page","status-publish","hentry"],"_links":{"self":[{"href":"https:\/\/keramikundkulturgut.de\/index.php?rest_route=\/wp\/v2\/pages\/1755","targetHints":{"allow":["GET"]}}],"collection":[{"href":"https:\/\/keramikundkulturgut.de\/index.php?rest_route=\/wp\/v2\/pages"}],"about":[{"href":"https:\/\/keramikundkulturgut.de\/index.php?rest_route=\/wp\/v2\/types\/page"}],"author":[{"embeddable":true,"href":"https:\/\/keramikundkulturgut.de\/index.php?rest_route=\/wp\/v2\/users\/1"}],"replies":[{"embeddable":true,"href":"https:\/\/keramikundkulturgut.de\/index.php?rest_route=%2Fwp%2Fv2%2Fcomments&post=1755"}],"version-history":[{"count":4,"href":"https:\/\/keramikundkulturgut.de\/index.php?rest_route=\/wp\/v2\/pages\/1755\/revisions"}],"predecessor-version":[{"id":1766,"href":"https:\/\/keramikundkulturgut.de\/index.php?rest_route=\/wp\/v2\/pages\/1755\/revisions\/1766"}],"wp:attachment":[{"href":"https:\/\/keramikundkulturgut.de\/index.php?rest_route=%2Fwp%2Fv2%2Fmedia&parent=1755"}],"curies":[{"name":"wp","href":"https:\/\/api.w.org\/{rel}","templated":true}]}}