{"id":1704,"date":"2023-11-16T09:32:22","date_gmt":"2023-11-16T09:32:22","guid":{"rendered":"https:\/\/keramikundkulturgut.de\/?page_id=1704"},"modified":"2023-11-16T09:34:14","modified_gmt":"2023-11-16T09:34:14","slug":"novemberausstellung-2023","status":"publish","type":"page","link":"https:\/\/keramikundkulturgut.de\/?page_id=1704","title":{"rendered":"NovemberAusstellung 2023"},"content":{"rendered":"<div><a href=\"https:\/\/keramikundkulturgut.de\/wp-content\/uploads\/2023\/11\/plakatnovember23final.idml_.jpg\" rel=\"lightbox[1704]\"><img loading=\"lazy\" decoding=\"async\" class=\"aligncenter size-large wp-image-1702\" src=\"https:\/\/keramikundkulturgut.de\/wp-content\/uploads\/2023\/11\/plakatnovember23final.idml_-700x1013.jpg\" alt=\"\" width=\"700\" height=\"1013\" srcset=\"https:\/\/keramikundkulturgut.de\/wp-content\/uploads\/2023\/11\/plakatnovember23final.idml_-700x1013.jpg 700w, https:\/\/keramikundkulturgut.de\/wp-content\/uploads\/2023\/11\/plakatnovember23final.idml_-207x300.jpg 207w, https:\/\/keramikundkulturgut.de\/wp-content\/uploads\/2023\/11\/plakatnovember23final.idml_-768x1111.jpg 768w, https:\/\/keramikundkulturgut.de\/wp-content\/uploads\/2023\/11\/plakatnovember23final.idml_-800x1158.jpg 800w, https:\/\/keramikundkulturgut.de\/wp-content\/uploads\/2023\/11\/plakatnovember23final.idml_.jpg 823w\" sizes=\"auto, (max-width: 700px) 100vw, 700px\" \/><\/a><\/div>\n<div><strong>Liebe Freunde und Freundinnen der Keramischen Werkst\u00e4tten Glindow, liebe Interessierte,<\/strong><\/div>\n<div><\/div>\n<div>es herbstelt un\u00fcbersehbar, die Kraniche ziehen \u00fcber den Hof, die Birke wird gelb und verliert so langsam ihre Bl\u00e4tter&#8230;<\/div>\n<div>Es wird also wieder Zeit f\u00fcr unsere <strong>NovemberAusstellung<\/strong>! Wir freuen uns, Sie dazu am <strong>26.11.23<\/strong> von 11 bis 18 Uhr einladen zu d\u00fcrfen.<\/div>\n<div>Wir haben auch diesmal wieder ganz besondere G\u00e4ste aus dem Hut gezaubert&#8230;<\/div>\n<div><\/div>\n<div>\n<div>Die Schmuckdesignerin <strong>Claudia Chani<\/strong> aus Leipzig stellt ihre Arbeiten in der Werkstatt von Maren Sahl-Bauer vor. Aus ihren unbefangenen Skizzen entstehen zarte Gebilde aus Silber, von Farbtupfern geneckt.<\/div>\n<div><\/div>\n<div>\n<div>Die berliner Keramikerin <strong>Juliane Herden<\/strong> arbeitet mit Porzellangie\u00dfmassen und eingef\u00e4rbten Porzellanengoben.<br \/>\nAuf Gipsplatten entstehen Bilder und Farbfl\u00e4chen, aus denen sie schlichte Gef\u00e4\u00dfe baut. Ihre Arbeit ist eine Auseinandersetzung mit Farbkl\u00e4ngen und der Strukturierung durch Farbfl\u00e4chen, dabei gilt es immer die Balance zu halten zwischen Strenge und Leichtigkeit, Gradlinigkeit und Experiment. So entstehen funktionale Gef\u00e4\u00dfe, die zugleich k\u00fcnstlerisches Objekt sind. <a href=\"https:\/\/julianeherden.de\/\" target=\"_blank\" rel=\"noopener\" data-cke-saved-href=\"https:\/\/julianeherden.de\/\">https:\/\/julianeherden.de\/<\/a><\/div>\n<div><\/div>\n<div>\n<div><strong>Susanne Petzold<\/strong>, Keramikerin aus Dresden, dreht und baut Porzellangef\u00e4\u00dfe mit grafischen Oberfl\u00e4chen. Die Drehspuren und Fingerabdr\u00fccke, aber auch die \u00dcberlappungen der gefalteten Vasen, sind f\u00fcr sie die Ausgangspunkte ihrer Zeichnungen. Diese l\u00f6sen ein (musikalisch beeinflusstes) intuitives Wechselspiel aus Ritzungen, Wachsreserven und Auswaschung aus. So entstehen einzigartige St\u00fccke, die zum Benutzen einladen. <a href=\"https:\/\/www.susannepetzold.de\/\" target=\"_blank\" rel=\"noopener\" data-cke-saved-href=\"https:\/\/www.susannepetzold.de\/\">https:\/\/www.susannepetzold.de\/<\/a><\/div>\n<div><\/div>\n<div>Der in Berlin lebende, japanische Tischler und Innenarchitekt <strong>Yoichi Osaki<\/strong>, fertigt aus den Holzresten seiner ma\u00dfgefertigten Einbaum\u00f6bel, wundersch\u00f6ne, schlichte Bretter aus Vollholz. Diese werden in der Werkstatt von Carolin Wachter zu sehen sein.<\/div>\n<div><a href=\"http:\/\/2hecken.org\/\" target=\"_blank\" rel=\"noopener\" data-cke-saved-href=\"http:\/\/2hecken.org\/\">http:\/\/2hecken.org\/<\/a><\/div>\n<div><\/div>\n<div>Und nat\u00fcrlich wird der <strong>Biohof Werder<\/strong> wieder f\u00fcr das leibliche Wohl sorgen, die <strong>Hofimkerei Boecke<\/strong> mit bestem Honig und Kerzen aufwarten, sowie ein gem\u00fctliches Lagerfeuer zum Verweilen einladen. (Diemal hoffentlich ohne Schneegest\u00f6ber&#8230;)<\/div>\n<div><\/div>\n<div>Wir freuen uns auf Sie!<\/div>\n<div><\/div>\n<div><\/div>\n<div>Herzliche Gr\u00fc\u00dfe aus den<\/div>\n<div>Keramischen Werkst\u00e4tten Glindow<\/div>\n<div><\/div>\n<div><\/div>\n<\/div>\n<\/div>\n<\/div>\n","protected":false},"excerpt":{"rendered":"<p>Liebe Freunde und Freundinnen der Keramischen Werkst\u00e4tten Glindow, liebe Interessierte, es herbstelt un\u00fcbersehbar, die Kraniche ziehen \u00fcber den Hof, die Birke wird gelb und verliert so langsam ihre Bl\u00e4tter&#8230; Es wird also wieder Zeit f\u00fcr unsere NovemberAusstellung! Wir freuen uns, Sie dazu am 26.11.23 von 11 bis 18 Uhr einladen zu d\u00fcrfen. Wir haben auch&#8230;<\/p>\n","protected":false},"author":1,"featured_media":0,"parent":0,"menu_order":0,"comment_status":"closed","ping_status":"closed","template":"","meta":{"footnotes":""},"class_list":["post-1704","page","type-page","status-publish","hentry"],"_links":{"self":[{"href":"https:\/\/keramikundkulturgut.de\/index.php?rest_route=\/wp\/v2\/pages\/1704","targetHints":{"allow":["GET"]}}],"collection":[{"href":"https:\/\/keramikundkulturgut.de\/index.php?rest_route=\/wp\/v2\/pages"}],"about":[{"href":"https:\/\/keramikundkulturgut.de\/index.php?rest_route=\/wp\/v2\/types\/page"}],"author":[{"embeddable":true,"href":"https:\/\/keramikundkulturgut.de\/index.php?rest_route=\/wp\/v2\/users\/1"}],"replies":[{"embeddable":true,"href":"https:\/\/keramikundkulturgut.de\/index.php?rest_route=%2Fwp%2Fv2%2Fcomments&post=1704"}],"version-history":[{"count":2,"href":"https:\/\/keramikundkulturgut.de\/index.php?rest_route=\/wp\/v2\/pages\/1704\/revisions"}],"predecessor-version":[{"id":1707,"href":"https:\/\/keramikundkulturgut.de\/index.php?rest_route=\/wp\/v2\/pages\/1704\/revisions\/1707"}],"wp:attachment":[{"href":"https:\/\/keramikundkulturgut.de\/index.php?rest_route=%2Fwp%2Fv2%2Fmedia&parent=1704"}],"curies":[{"name":"wp","href":"https:\/\/api.w.org\/{rel}","templated":true}]}}