{"id":1691,"date":"2023-06-29T08:16:32","date_gmt":"2023-06-29T08:16:32","guid":{"rendered":"https:\/\/keramikundkulturgut.de\/?page_id=1691"},"modified":"2023-06-29T08:16:33","modified_gmt":"2023-06-29T08:16:33","slug":"sommerausstellung-2023","status":"publish","type":"page","link":"https:\/\/keramikundkulturgut.de\/?page_id=1691","title":{"rendered":"SommerAusstellung 2023"},"content":{"rendered":"<p><a href=\"https:\/\/keramikundkulturgut.de\/wp-content\/uploads\/2023\/06\/plakatsommer23-2.jpg\" rel=\"lightbox[1691]\"><img loading=\"lazy\" decoding=\"async\" class=\"aligncenter size-large wp-image-1687\" src=\"https:\/\/keramikundkulturgut.de\/wp-content\/uploads\/2023\/06\/plakatsommer23-2-700x1013.jpg\" alt=\"\" width=\"700\" height=\"1013\" srcset=\"https:\/\/keramikundkulturgut.de\/wp-content\/uploads\/2023\/06\/plakatsommer23-2-700x1013.jpg 700w, https:\/\/keramikundkulturgut.de\/wp-content\/uploads\/2023\/06\/plakatsommer23-2-207x300.jpg 207w, https:\/\/keramikundkulturgut.de\/wp-content\/uploads\/2023\/06\/plakatsommer23-2-768x1112.jpg 768w, https:\/\/keramikundkulturgut.de\/wp-content\/uploads\/2023\/06\/plakatsommer23-2-1061x1536.jpg 1061w, https:\/\/keramikundkulturgut.de\/wp-content\/uploads\/2023\/06\/plakatsommer23-2-800x1158.jpg 800w, https:\/\/keramikundkulturgut.de\/wp-content\/uploads\/2023\/06\/plakatsommer23-2.jpg 1097w\" sizes=\"auto, (max-width: 700px) 100vw, 700px\" \/><\/a><\/p>\n<div>Liebe Freunde und Freundinnen der Keramischen Werkst\u00e4tten Glindow, liebe Interessierte,<\/div>\n<div><\/div>\n<div>unsere diesj\u00e4hrige SommerAusstellung r\u00fcckt mit gro\u00dfen Schritten n\u00e4her und es wird h\u00f6chste Zeit, Sie herzlich dazu einzuladen! Wir \u00f6ffnen unsere Tore wieder zeitgleich mit dem Glindower Kirsch-und Ziegelfest am <strong>Sonntag, den 02. Juli<\/strong> von <strong>11-18 Uhr<\/strong>.<\/div>\n<div><\/div>\n<div><\/div>\n<div>Dazu haben wir uns die in Werder ans\u00e4ssige K\u00fcnstlerin <strong>Kathrin Wunnicke-Schmid<\/strong> eingeladen, welche neue Arbeiten mit dem Titel &#8222;Um Hummels Willen: was wir zerst\u00f6ren, bleibt strukturell in uns&#8220;, zeigen wird.<br \/>\nEs handelt sich dabei um Thermosublimierte Fotografiken auf gealterten Kupferplatten, die eine respektvolle Wahrnehmung von der Zerst\u00f6rung uns geb\u00e4render Natur zeigen und vers\u00f6hnliche Perspektivr\u00e4ume und Begegnungen mit uns in diesem Sommer \u00f6ffnen.<\/div>\n<div>\n<div><\/div>\n<div><\/div>\n<div><\/div>\n<div>Auch zu Gast sein wird die Berliner Keramikerin <strong>Martina Latka<\/strong>.<\/div>\n<div>\n<div>Ihre keramischen Arbeiten aus dem Holzofen entstanden aus einem Projekt, welches ihr erm\u00f6glichte die Freude an den individuellen Oberfl\u00e4chen und den unerwarteten Ergebnissen dieser Brenntechnik zu vertiefen. Dabei steht die Alltagstauglichkeit der Gef\u00e4\u00dfe im Vordergrund, woraus sich eine gewisse Zur\u00fcckhaltung in Form und Farbe ergibt. Erst mit ihrem Inhalt &#8211; die Speisen und Getr\u00e4nke, die Blumen f\u00fcr die Vase- wird die Arbeit komplett, erst im Gebrauch ergibt sich das \u00e4sthetische Gesamterlebnis.<\/div>\n<div><\/div>\n<div><\/div>\n<div>Ganz besonders freuen wir uns, da\u00df der inzwischen schon 3 Jahre mit uns auf dem Hof lebende, Jazz-Trompeter Richard Koch ein Konzert mit seiner neuesten Band, dem <strong>Richard Koch\u2019s EMPOWERMENT TRIO<\/strong>, spielen wird. Um <strong>17 Uhr<\/strong> gibt es Jazzy Beats &amp; Freestyle mit <strong>Richard Koch<\/strong> \u2013 Trompete, Komposition, <strong>Nicolas Schultze<\/strong> \u2013 Fender Rhodes, Live-Elektronik und <strong>Joh<\/strong> <strong>Weisgerber<\/strong> \u2013 E-Bass, Drum Machine, Live-Elektronik.<br \/>\nMit seinen eing\u00e4ngigen Melodien, Beats aus der Drum Machine und wagemutigen Improvisationen schafft das Empowerment Trio ein tanzbares und zugleich anspruchsvolles Konzerterlebnis. Der Produzent und Bassist Joh Weisgerber (Flo Mega and the Ruffcats), Pianist und Jazzlab-Gr\u00fcnder Nicolas Schultze sowie der Trompeter und Bandleader Richard Koch (Beatsteaks. Peter Fox, Jimi Tenor) \u00f6ffnen durch ihr eindrucksvolles Zusammenspiel die Ohren und laden zum Feiern ein! So kann ein spielerischer Umgang mit neuen Medien im Sinne des Empowerments (Selbsterm\u00e4chtigung) erlebt werden.<br \/>\n(Gef\u00f6rdert mit Mitteln des Ministeriums f\u00fcr Wissenschaft, Forschung und Kultur des Landes Brandenburg.)<\/div>\n<div><\/div>\n<div>F\u00fcr das leibliche Wohl sorgt wieder bestens der <strong>Biohof Werder<\/strong> und den Honig der <strong>Hofimkerei Boecke<\/strong> gibt es nat\u00fcrlich auch.<\/div>\n<div><\/div>\n<div><\/div>\n<div>Wir freuen uns, Sie auf dem keramik&amp;kulturGUT Glindow empfangen zu d\u00fcrfen.<\/div>\n<div><\/div>\n<div>Herzlich,<\/div>\n<div>Julia Winter, Maren Sahl-Bauer, Carolin Wachter, Claudia Winter, Jule und Martin Grade<\/div>\n<\/div>\n<\/div>\n","protected":false},"excerpt":{"rendered":"<p>Liebe Freunde und Freundinnen der Keramischen Werkst\u00e4tten Glindow, liebe Interessierte, unsere diesj\u00e4hrige SommerAusstellung r\u00fcckt mit gro\u00dfen Schritten n\u00e4her und es wird h\u00f6chste Zeit, Sie herzlich dazu einzuladen! Wir \u00f6ffnen unsere Tore wieder zeitgleich mit dem Glindower Kirsch-und Ziegelfest am Sonntag, den 02. Juli von 11-18 Uhr. Dazu haben wir uns die in Werder ans\u00e4ssige K\u00fcnstlerin&#8230;<\/p>\n","protected":false},"author":1,"featured_media":0,"parent":0,"menu_order":0,"comment_status":"closed","ping_status":"closed","template":"","meta":{"footnotes":""},"class_list":["post-1691","page","type-page","status-publish","hentry"],"_links":{"self":[{"href":"https:\/\/keramikundkulturgut.de\/index.php?rest_route=\/wp\/v2\/pages\/1691","targetHints":{"allow":["GET"]}}],"collection":[{"href":"https:\/\/keramikundkulturgut.de\/index.php?rest_route=\/wp\/v2\/pages"}],"about":[{"href":"https:\/\/keramikundkulturgut.de\/index.php?rest_route=\/wp\/v2\/types\/page"}],"author":[{"embeddable":true,"href":"https:\/\/keramikundkulturgut.de\/index.php?rest_route=\/wp\/v2\/users\/1"}],"replies":[{"embeddable":true,"href":"https:\/\/keramikundkulturgut.de\/index.php?rest_route=%2Fwp%2Fv2%2Fcomments&post=1691"}],"version-history":[{"count":1,"href":"https:\/\/keramikundkulturgut.de\/index.php?rest_route=\/wp\/v2\/pages\/1691\/revisions"}],"predecessor-version":[{"id":1692,"href":"https:\/\/keramikundkulturgut.de\/index.php?rest_route=\/wp\/v2\/pages\/1691\/revisions\/1692"}],"wp:attachment":[{"href":"https:\/\/keramikundkulturgut.de\/index.php?rest_route=%2Fwp%2Fv2%2Fmedia&parent=1691"}],"curies":[{"name":"wp","href":"https:\/\/api.w.org\/{rel}","templated":true}]}}