{"id":1647,"date":"2023-01-24T12:01:45","date_gmt":"2023-01-24T12:01:45","guid":{"rendered":"https:\/\/keramikundkulturgut.de\/?page_id=1647"},"modified":"2023-01-24T12:09:12","modified_gmt":"2023-01-24T12:09:12","slug":"novemberausstellung-2022","status":"publish","type":"page","link":"https:\/\/keramikundkulturgut.de\/?page_id=1647","title":{"rendered":"NovemberAusstellung 2022"},"content":{"rendered":"<p><a href=\"https:\/\/keramikundkulturgut.de\/wp-content\/uploads\/2022\/10\/plakat-nov-2022.jpg\" rel=\"lightbox[1647]\"><img loading=\"lazy\" decoding=\"async\" class=\"aligncenter size-large wp-image-1630\" src=\"https:\/\/keramikundkulturgut.de\/wp-content\/uploads\/2022\/10\/plakat-nov-2022-700x1013.jpg\" alt=\"\" width=\"700\" height=\"1013\" srcset=\"https:\/\/keramikundkulturgut.de\/wp-content\/uploads\/2022\/10\/plakat-nov-2022-700x1013.jpg 700w, https:\/\/keramikundkulturgut.de\/wp-content\/uploads\/2022\/10\/plakat-nov-2022-207x300.jpg 207w, https:\/\/keramikundkulturgut.de\/wp-content\/uploads\/2022\/10\/plakat-nov-2022-768x1112.jpg 768w, https:\/\/keramikundkulturgut.de\/wp-content\/uploads\/2022\/10\/plakat-nov-2022-1061x1536.jpg 1061w, https:\/\/keramikundkulturgut.de\/wp-content\/uploads\/2022\/10\/plakat-nov-2022-800x1158.jpg 800w, https:\/\/keramikundkulturgut.de\/wp-content\/uploads\/2022\/10\/plakat-nov-2022.jpg 1097w\" sizes=\"auto, (max-width: 700px) 100vw, 700px\" \/><\/a><\/p>\n<div>Liebe Freunde und Freundinnen der Keramischen Werkst\u00e4tten Glindow, liebe Interessierte,<\/div>\n<div>die Bl\u00e4tter verf\u00e4rben sich und fallen- der Herbst zeigt sich in seiner sch\u00f6nsten Gestalt.<\/div>\n<div>Zeit sich intensiv an die Vorbereitung der <strong>NovemberAusstellung<\/strong> zu machen. Dazu geh\u00f6rt nat\u00fcrlich, Sie herzlich dazu einzuladen, am <strong>Sonntag den 20. November von 11-18 Uhr<\/strong> bei uns auf dem Hof des keramik&amp;kulturGUT Glindow die Keramischen Werkst\u00e4tten und ihre G\u00e4ste zu besuchen.<\/div>\n<div>Dieses Mal ist es eine besondere Freude Ihnen unsere G\u00e4ste vorzustellen, denn so zahlreich und International waren sie bisher noch nie\u2026<\/div>\n<div><\/div>\n<div>Bereits zum zweiten Mal wird der Bildende K\u00fcnstler <strong>Thomas Bratzke<\/strong> (Berlin) in der Werkstatt seiner Frau, Carolin Wachter, neue Arbeiten auf Papier zeigen. Sie tragen den Titel \u201eFarbenland\u201c. Es handelt sich dabei um eine Serie von 16 Originalen, Tusche und Acryl auf Papier.<\/div>\n<div><a href=\"http:\/\/thomasbratzke.de\" target=\"_blank\" rel=\"noopener\">http:\/\/thomasbratzke.de<\/a><\/div>\n<div><\/div>\n<div>Als Meister in der Herstellung von filigranen Insekten aus Ton gilt <strong>Ross de Wayne Campbell<\/strong> (USA). Die bis zu 40-fach vergr\u00f6\u00dferten K\u00e4fer, Fliegen und\u00a0 Libellen muten realistisch an, doch haben sie nicht den Anspruch abzubilden, sondern werden individuell und frei gestaltet. Dadurch entstehen ganz neue \u201eArten\u201c.<\/div>\n<div><\/div>\n<div>\n<p>In ihrer Werkstatt in Friedrichshain stellt die geb\u00fcrtige Franz\u00f6sin <strong>R\u00e9jane Cr\u00e9teau<\/strong> Gef\u00e4\u00dfe aus Steinzeug f\u00fcr den t\u00e4glichen Gebrauch her. Die reduzierten Formen und zarten Farbabstufungen laden dazu ein, neue Stimmungen zu gestalten, sie bieten Inspiration und Spielraum. Die Gef\u00e4\u00dfe sind \u00fcberwiegend gedreht, einige auch gegossen.<\/p>\n<p><a href=\"http:\/\/www.larecreation.de\" target=\"_blank\" rel=\"noopener\">https:\/\/www.larecreation.de\/rejane-creteau<\/a><\/p>\n<\/div>\n<div>Auch die Bildende K\u00fcnstlerin <strong>Christine Gu\u00e9rard<\/strong> (Frankreich) wird zum zweiten Mal bei uns ausstellen. Gleich zwei verschiede Arbeitszyklen wird es zu sehen geben. In der Werkstatt von Jule Grade zeigt sie die Zeichnungen der \u201eIsl\u00e4ndische Ernte\u201c und in der Werkstatt von Julia Winter farbige Arbeiten mit dem Namen \u201eBaltic\u201c.<\/div>\n<div><a href=\"http:\/\/christineguerard.com\" target=\"_blank\" rel=\"noopener\">https:\/\/christineguerard.com\/<\/a><\/div>\n<div><\/div>\n<div>Die Keramikerin <strong>Regina M\u00fcller-Huschke<\/strong> aus Berlin fertigt in respektvoller Distanz zum Design Gef\u00e4\u00dfe und Beh\u00e4lter aus Porzellan. Sie arbeitet gerne am Rand der \u00c4sthetik, dabei kommt die Symmetrie ins Wanken, Dreh- und andere Arbeitsspuren bleiben sichtbar. Auch Abg\u00fcsse von schon gebrannten St\u00fccken werden gemacht, so entstehen Klone, scheinbare Doppelg\u00e4nger. Daraus egeben sich Gruppen, Ansammlungen.<\/div>\n<div><a href=\"http:\/\/mhkeramik.de\" target=\"_blank\" rel=\"noopener\">https:\/\/mhkeramik.de\/<\/a><\/div>\n<div><\/div>\n<div><strong>Cornelia V\u00f6lker-Leu<\/strong> ist Goldschmiedemeisterin und Diplom Designerin. Sie zeigt ihre individuellen Schmuckunikate aus hochwertigen Edelmetallen im Schmuckatelier von Maren Sahl-Bauer.<br \/>\nSie kombiniert Gold und Silber mit ausgesuchten Edelsteinen und verarbeitet sie zu lebenslangen Lieblingsst\u00fccken.<\/div>\n<div><a href=\"http:\/\/schmuckschmiede-berlin.de\" target=\"_blank\" rel=\"noopener\">https:\/\/schmuckschmiede-berlin.de\/<\/a><\/div>\n<div><\/div>\n<div>Die <strong>Hofimkerei Boecke<\/strong> bringt wieder ihren leckeren Honig mit.<\/div>\n<div>Und der <strong>Biohof Werder<\/strong> zaubert K\u00f6stliches in gewohnter Bio-Qualit\u00e4t.<\/div>\n<div><\/div>\n<div><\/div>\n<div><\/div>\n<div>Wir freuen uns auf Sie.<\/div>\n<div>Herzlich,<\/div>\n<div><strong>Julia Winter, Carolin Wachter, Maren Sahl-Bauer, Claudia Winter, Jule und Martin Grade<\/strong><\/div>\n","protected":false},"excerpt":{"rendered":"<p>Liebe Freunde und Freundinnen der Keramischen Werkst\u00e4tten Glindow, liebe Interessierte, die Bl\u00e4tter verf\u00e4rben sich und fallen- der Herbst zeigt sich in seiner sch\u00f6nsten Gestalt. Zeit sich intensiv an die Vorbereitung der NovemberAusstellung zu machen. Dazu geh\u00f6rt nat\u00fcrlich, Sie herzlich dazu einzuladen, am Sonntag den 20. November von 11-18 Uhr bei uns auf dem Hof des&#8230;<\/p>\n","protected":false},"author":1,"featured_media":0,"parent":0,"menu_order":0,"comment_status":"closed","ping_status":"closed","template":"","meta":{"footnotes":""},"class_list":["post-1647","page","type-page","status-publish","hentry"],"_links":{"self":[{"href":"https:\/\/keramikundkulturgut.de\/index.php?rest_route=\/wp\/v2\/pages\/1647","targetHints":{"allow":["GET"]}}],"collection":[{"href":"https:\/\/keramikundkulturgut.de\/index.php?rest_route=\/wp\/v2\/pages"}],"about":[{"href":"https:\/\/keramikundkulturgut.de\/index.php?rest_route=\/wp\/v2\/types\/page"}],"author":[{"embeddable":true,"href":"https:\/\/keramikundkulturgut.de\/index.php?rest_route=\/wp\/v2\/users\/1"}],"replies":[{"embeddable":true,"href":"https:\/\/keramikundkulturgut.de\/index.php?rest_route=%2Fwp%2Fv2%2Fcomments&post=1647"}],"version-history":[{"count":3,"href":"https:\/\/keramikundkulturgut.de\/index.php?rest_route=\/wp\/v2\/pages\/1647\/revisions"}],"predecessor-version":[{"id":1652,"href":"https:\/\/keramikundkulturgut.de\/index.php?rest_route=\/wp\/v2\/pages\/1647\/revisions\/1652"}],"wp:attachment":[{"href":"https:\/\/keramikundkulturgut.de\/index.php?rest_route=%2Fwp%2Fv2%2Fmedia&parent=1647"}],"curies":[{"name":"wp","href":"https:\/\/api.w.org\/{rel}","templated":true}]}}