{"id":1557,"date":"2021-11-09T21:18:53","date_gmt":"2021-11-09T21:18:53","guid":{"rendered":"https:\/\/keramikundkulturgut.de\/?page_id=1557"},"modified":"2021-11-15T10:32:54","modified_gmt":"2021-11-15T10:32:54","slug":"novemberausstellung-2021","status":"publish","type":"page","link":"https:\/\/keramikundkulturgut.de\/?page_id=1557","title":{"rendered":"NovemberAusstellung 2021"},"content":{"rendered":"\n<figure class=\"wp-block-image size-large\"><a href=\"https:\/\/keramikundkulturgut.de\/wp-content\/uploads\/2021\/10\/Plakat_November_2021final-1.jpg\" rel=\"lightbox[1557]\"><img loading=\"lazy\" decoding=\"async\" width=\"700\" height=\"1013\" src=\"https:\/\/keramikundkulturgut.de\/wp-content\/uploads\/2021\/10\/Plakat_November_2021final-1-700x1013.jpg\" alt=\"\" class=\"wp-image-1553\" srcset=\"https:\/\/keramikundkulturgut.de\/wp-content\/uploads\/2021\/10\/Plakat_November_2021final-1-700x1013.jpg 700w, https:\/\/keramikundkulturgut.de\/wp-content\/uploads\/2021\/10\/Plakat_November_2021final-1-207x300.jpg 207w, https:\/\/keramikundkulturgut.de\/wp-content\/uploads\/2021\/10\/Plakat_November_2021final-1-768x1112.jpg 768w, https:\/\/keramikundkulturgut.de\/wp-content\/uploads\/2021\/10\/Plakat_November_2021final-1-1061x1536.jpg 1061w, https:\/\/keramikundkulturgut.de\/wp-content\/uploads\/2021\/10\/Plakat_November_2021final-1-800x1158.jpg 800w, https:\/\/keramikundkulturgut.de\/wp-content\/uploads\/2021\/10\/Plakat_November_2021final-1.jpg 1097w\" sizes=\"auto, (max-width: 700px) 100vw, 700px\" \/><\/a><\/figure>\n\n\n\n<p>Liebe Freund:innen und Interessierte der Keramischen Werkst\u00e4tten Glindow,<\/p>\n\n\n\n<p>wir sind nun sp\u00fcrbar im November angekommen und es wird Zeit die <strong>NovemberAusstellung <\/strong>der Keramischen Werkst\u00e4tten Glindow anzuk\u00fcndigen.<\/p>\n\n\n\n<p>Am 21. November von 11-18 Uhr laden wir Sie herzlich dazu ein, einen vorweihnachtlichen Tag bei uns auf dem Hof des keramik&amp;kulturGUT Glindow zu verbringen.<\/p>\n\n\n\n<p>Der <strong>Biohof Werder<\/strong> versorgt uns wieder mit regionalen K\u00f6stlichkeiten, das Lagerfeuer l\u00e4dt zum verweilen ein und wir k\u00f6nnen uns an Trompetenkl\u00e4ngen erfreuen.<\/p>\n\n\n\n<p>Eine ganze Handvoll toller G\u00e4ste haben wir uns dazu eingeladen:<\/p>\n\n\n\n<p><br><strong>Verena Postweiler<\/strong>, Kommunikationsdesginerin aus Potsdam, betreibt das Projekt &#8222;In Friedrichs Garten&#8220; zusammen mit Nina Heinke. Daf\u00fcr schnitzen sie, inspiriert von den Pflanzen des Weltkulturerbe Park Sanssouci, Blumenmotive aus Printbl\u00f6cken und drucken diese manuell als Stempeldruck mit Linolfarbe. Jeder Druck ist ein Unikat. Aus den jeweils sch\u00f6nsten Drucken werden Postkarten und Wandkalender. F\u00fcr 2022 gibt es einen Kalender mit Feld &amp; Wiesenblumen.<a rel=\"noreferrer noopener\" href=\"http:\/\/verenapostweiler.de\" target=\"_blank\">http:\/\/verenapostweiler.de<\/a><\/p>\n\n\n\n<p><br><strong>Sabine Selmke<\/strong>, Porzellandesignerin aus BerlinEin Teil ihrer Arbeit besteht darin, Design zu kreieren, welches den Alltag erleichtert. Dabei sp\u00fcrt sie Funktionsprinzipien auf, die l\u00e4ngst in Vergessenheit geraten sind und gestaltet diese Zeitgem\u00e4\u00df. Strukturen und Formen aus der Natur inspirieren sie zu erz\u00e4hlerischen Arbeiten.Bei uns zeigt sie vorwiegend ihre feinen Porzellan-Weihnachtskugeln mit Motiven in Gold und Platin.<a rel=\"noreferrer noopener\" href=\"http:\/\/s-selmke.de\" target=\"_blank\">http:\/\/s-selmke.de<\/a><\/p>\n\n\n\n<p><br><strong>Matthias Panser<\/strong>, Keramiker aus CaputhAn der Scheibe dreht er St\u00fccke f\u00fcr den t\u00e4glichen Gebrauch, f\u00fcr den Garten und Objekte, die dann bevorzugt in einem holzbefeuerten Ofen gebrannt werden. Durch das Zusammenspiel von Material, Temperatur, Asche-und Salzanflug entsteht im Brand eine besondere \u00c4sthetik der Oberfl\u00e4chen, die jedes St\u00fcck zum absoluten Unikat machen. Dar\u00fcber hinaus arbeitet er mit der RAKU-Technik.<a rel=\"noreferrer noopener\" href=\"http:\/\/keramik-caputh-ferienwohnung.com\" target=\"_blank\">http:\/\/keramik-caputh-ferienwohnung.com<\/a><\/p>\n\n\n\n<p><br><strong>Birgit L\u00fcdicke<\/strong>, Handweberin aus WerderBei der Weberei fasziniert sie besonders das Zusammenspiel von Farben und unterschiedlichen Garnstrukturen. Dabei ist ihr Ziel, mit einem Jahrtausende alten Handwerk, zeitlos sch\u00f6ne St\u00fccke herzustellen. Daf\u00fcr verwendet sie fast ausschlie\u00dflich Naturmaterialien wie Seide, Schurwolle, Leinen und Baumwolle, aus denen sie Schals, Stolas und Ponchos webt.<a rel=\"noreferrer noopener\" href=\"http:\/\/birgit-luedicke.de\" target=\"_blank\">http:\/\/birgit-luedicke.de<\/a><\/p>\n\n\n\n<p><br><strong>Tom Korn<\/strong>, Architekturen, Havelberg und HamburgMalerei mit anderen MittelnEin Pavillon aus Plastik in Warschau. Gerasterte Plattenbaufassaden. Mauern aus Formbetonsteinen. In der Realit\u00e4t&nbsp; trifft da das menschliche Auge auf harte Fl\u00e4che \u2013 hier wird die Fassade zum streicheln sch\u00f6n. Sie besteht aus Teppich. Sein Material fand er beim R\u00e4umungsverkauf einer M\u00f6belkette in Flensburg. Teppichmusterkataloge. Seitdem setzte er aus tausenden von bis zu 2 x 2 Millimeter kleinen Puzzleteilen seine Bildwelten zusammen, wandgerecht oder postkartengro\u00df.Gleichzeitig werden sowohl Skulpturale Objekte wie auch Installationen zu verschieden Orten und Themen erarbeitet. Gebaute Zitate aus Beton, Architekturvisionen.<a rel=\"noreferrer noopener\" href=\"http:\/\/tomkorn.de\" target=\"_blank\">http:\/\/tomkorn.de<\/a><\/p>\n\n\n\n<p><br>Die <strong>Hofimkerei Boecke<\/strong> wird auch wieder da sein, mit ihrem vielseitigen Honigangebot.<\/p>\n\n\n\n<p>Wir freuen uns auf Sie!<br>Herzliche November-Gr\u00fc\u00dfe vonJulia Winter, Maren Sahl-Bauer, Claudia Winter, Carolin Wachter, Martin und Jule Grade<\/p>\n\n\n\n<p>p.S. Auch bei uns gelten die aktuellen <strong><span class=\"has-inline-color has-vivid-red-color\">Corona Regelungen<\/span><\/strong>! Aktuell hei\u00dft das in unserem Fall <strong><span class=\"has-inline-color has-vivid-red-color\">3G<\/span>.<\/strong> Wir sind dazu verpflichtet die Personendaten aller Besucherinnen und Besucher in einem Kontaktnachweis nach \u00a7 5 zum Zwecke der Kontaktnachverfolgung zu erfassen (3. SARS-CoV-2-UmgV). Selbstverst\u00e4ndlich halten wir diese unter Verschluss und vernichten sie nach der vorgeschriebenen Zeit von 4 Wochen vollst\u00e4ndig.<br>Wir hoffen auf Ihr Verst\u00e4ndnis und Kooperation.<\/p>\n","protected":false},"excerpt":{"rendered":"<p>Liebe Freund:innen und Interessierte der Keramischen Werkst\u00e4tten Glindow, wir sind nun sp\u00fcrbar im November angekommen und es wird Zeit die NovemberAusstellung der Keramischen Werkst\u00e4tten Glindow anzuk\u00fcndigen. Am 21. November von 11-18 Uhr laden wir Sie herzlich dazu ein, einen vorweihnachtlichen Tag bei uns auf dem Hof des keramik&amp;kulturGUT Glindow zu verbringen. Der Biohof Werder versorgt&#8230;<\/p>\n","protected":false},"author":1,"featured_media":0,"parent":0,"menu_order":0,"comment_status":"closed","ping_status":"closed","template":"","meta":{"footnotes":""},"class_list":["post-1557","page","type-page","status-publish","hentry"],"_links":{"self":[{"href":"https:\/\/keramikundkulturgut.de\/index.php?rest_route=\/wp\/v2\/pages\/1557","targetHints":{"allow":["GET"]}}],"collection":[{"href":"https:\/\/keramikundkulturgut.de\/index.php?rest_route=\/wp\/v2\/pages"}],"about":[{"href":"https:\/\/keramikundkulturgut.de\/index.php?rest_route=\/wp\/v2\/types\/page"}],"author":[{"embeddable":true,"href":"https:\/\/keramikundkulturgut.de\/index.php?rest_route=\/wp\/v2\/users\/1"}],"replies":[{"embeddable":true,"href":"https:\/\/keramikundkulturgut.de\/index.php?rest_route=%2Fwp%2Fv2%2Fcomments&post=1557"}],"version-history":[{"count":3,"href":"https:\/\/keramikundkulturgut.de\/index.php?rest_route=\/wp\/v2\/pages\/1557\/revisions"}],"predecessor-version":[{"id":1567,"href":"https:\/\/keramikundkulturgut.de\/index.php?rest_route=\/wp\/v2\/pages\/1557\/revisions\/1567"}],"wp:attachment":[{"href":"https:\/\/keramikundkulturgut.de\/index.php?rest_route=%2Fwp%2Fv2%2Fmedia&parent=1557"}],"curies":[{"name":"wp","href":"https:\/\/api.w.org\/{rel}","templated":true}]}}