{"id":1485,"date":"2021-06-22T20:05:01","date_gmt":"2021-06-22T20:05:01","guid":{"rendered":"https:\/\/keramikundkulturgut.de\/?page_id=1485"},"modified":"2021-08-16T19:44:13","modified_gmt":"2021-08-16T19:44:13","slug":"sommerausstellung-2021","status":"publish","type":"page","link":"https:\/\/keramikundkulturgut.de\/?page_id=1485","title":{"rendered":"SommerAusstellung 2021"},"content":{"rendered":"\n<figure class=\"wp-block-image size-large\"><a href=\"https:\/\/keramikundkulturgut.de\/wp-content\/uploads\/2021\/06\/plakatsommer21-2-1.jpg\" rel=\"lightbox[1485]\"><img loading=\"lazy\" decoding=\"async\" width=\"700\" height=\"1013\" src=\"https:\/\/keramikundkulturgut.de\/wp-content\/uploads\/2021\/06\/plakatsommer21-2-1-700x1013.jpg\" alt=\"\" class=\"wp-image-1475\" srcset=\"https:\/\/keramikundkulturgut.de\/wp-content\/uploads\/2021\/06\/plakatsommer21-2-1-700x1013.jpg 700w, https:\/\/keramikundkulturgut.de\/wp-content\/uploads\/2021\/06\/plakatsommer21-2-1-207x300.jpg 207w, https:\/\/keramikundkulturgut.de\/wp-content\/uploads\/2021\/06\/plakatsommer21-2-1-768x1112.jpg 768w, https:\/\/keramikundkulturgut.de\/wp-content\/uploads\/2021\/06\/plakatsommer21-2-1-1061x1536.jpg 1061w, https:\/\/keramikundkulturgut.de\/wp-content\/uploads\/2021\/06\/plakatsommer21-2-1-800x1158.jpg 800w, https:\/\/keramikundkulturgut.de\/wp-content\/uploads\/2021\/06\/plakatsommer21-2-1.jpg 1097w\" sizes=\"auto, (max-width: 700px) 100vw, 700px\" \/><\/a><\/figure>\n\n\n\n<p><strong>Liebe Freund*Innen, liebe Interessierte der Keramischen Werkst\u00e4tten Glindow,<\/strong> &nbsp; <\/p>\n\n\n\n<p>und dann war der Sommer da &#8211; ein wenig zu pl\u00f6tzlich, etwas zu heftig und noch dazu reichlich versp\u00e4tet&#8230; doch Grund genug, zur j\u00e4hrlichen SommerAusstellung auf das keramik&amp;kulturGUT Glindow einzuladen! <\/p>\n\n\n\n<p>Am <strong>Sonntag, den 04.Juli von 11-18 Uhr<\/strong> im Rahmen des Glindower Kirsch&amp;Ziegelfest. Wir freuen uns wirklich sehr, da\u00df es nach diesem langen Winter, mit seinen Entbehrungen und Einschr\u00e4nkungen nun wieder m\u00f6glich ist, Sie vor Ort begr\u00fc\u00dfen zu d\u00fcrfen und haben einige G\u00e4ste dazu eingeladen: &nbsp; &nbsp; <\/p>\n\n\n\n<p><strong>Helmut Menzel &#8211; Keramiker aus Berlin<\/strong> &nbsp; &#8222;Meine Keramik, eine lebenslange Liebelei; eine T\u00e4ndelei mit dem Material Porzellan, mit Farben, Formen. Nie die Finger davon lassen k\u00f6nnen, dabei entstehen Becher, Vasen, Platten, Teller, Sch\u00fcsseln zum Genie\u00dfen, Benutzen, Erfreuen.&#8220; &nbsp;<\/p>\n\n\n\n<p><strong>Heide Rejek &#8211; Keramikerin und Sozialp\u00e4dagogin aus Berlin<\/strong> &nbsp; Gef\u00e4\u00dfe- von Hand aufgebaut oder an der Scheibe gedreht. Die Spuren der Bewegungen vermitteln sich im Volumen der Form und im graphischen Ausdruck der Oberfl\u00e4che. &nbsp;<\/p>\n\n\n\n<p><strong>Lena M\u00fcller &#8211; Bildende K\u00fcnstlerin aus N\u00fcrnberg<\/strong> &nbsp; Ihre Arbeiten reflektieren ihre Faszination f\u00fcr Natur und naturwissenschaftliche Ph\u00e4nomene, besonders ihr Interesse f\u00fcr die Bereiche des Mikro- und Makrokosmos. Ihre Kunst ist gepr\u00e4gt von einer Art philosophischem Kreisen um Fragen zu Zeit, Raum, Ursprung, menschlicher Existenz, Kosmos, Komposition und dem Geheimnis das allem zu Grunde liegt. Hinsichtlich der Form interessiert Lena M\u00fcller das Spiel mit einer reduzierten, bisweilen minimalistischen Formensprache, erzeugt durch verschiedene Werkzeuge, Materialien und Techniken. &nbsp; <\/p>\n\n\n\n<p><strong>Biohof Werder<\/strong> &nbsp; Leckereien aus eigener Herstellung in Bio-Qualit\u00e4t &nbsp; <\/p>\n\n\n\n<p><strong>Hofimkerei Boeke<\/strong> &nbsp; Honig und viel mehr&#8230; &nbsp; &nbsp; <\/p>\n\n\n\n<p>Zeitgleich findet ein Tag der offenen T\u00fcr im <strong>Heimatmuseum Glindow<\/strong> und im <strong>M\u00e4rkischen Ziegeleimuseum Glindow<\/strong> statt. Ein Besuch lohnt sich! &nbsp; &nbsp; <\/p>\n\n\n\n<p>Wir freuen uns sehr darauf, einen sch\u00f6nen Sommer-Tag mit Ihnen auf unserem Hof zu verbringen. &nbsp; <\/p>\n\n\n\n<p>Herzliche Gr\u00fc\u00dfe von Julia Winter, Maren Sahl-Bauer, Claudia Winter, Carolin Wachter, Martin und Jule Grade &nbsp; &nbsp; <\/p>\n\n\n\n<p>p.S. Auch bei uns gelten die aktuellen Corona Regelungen! (Keine Testpflicht) Doch m\u00fcssen wir Sie vor Ort bitten, Ihre Kontaktdaten zu hinterlassen, f\u00fcr eine eventuelle Nachverfolgung. Selbstverst\u00e4ndlich halten wir diese unter Verschluss und vernichten sie nach der vorgeschriebenen Zeit von 4 Wochen vollst\u00e4ndig. Wir hoffen, auf Ihr Verst\u00e4ndnis. &nbsp; &nbsp; &nbsp;  <\/p>\n","protected":false},"excerpt":{"rendered":"<p>Liebe Freund*Innen, liebe Interessierte der Keramischen Werkst\u00e4tten Glindow, &nbsp; und dann war der Sommer da &#8211; ein wenig zu pl\u00f6tzlich, etwas zu heftig und noch dazu reichlich versp\u00e4tet&#8230; doch Grund genug, zur j\u00e4hrlichen SommerAusstellung auf das keramik&amp;kulturGUT Glindow einzuladen! Am Sonntag, den 04.Juli von 11-18 Uhr im Rahmen des Glindower Kirsch&amp;Ziegelfest. Wir freuen uns wirklich&#8230;<\/p>\n","protected":false},"author":1,"featured_media":0,"parent":0,"menu_order":0,"comment_status":"closed","ping_status":"closed","template":"","meta":{"footnotes":""},"class_list":["post-1485","page","type-page","status-publish","hentry"],"_links":{"self":[{"href":"https:\/\/keramikundkulturgut.de\/index.php?rest_route=\/wp\/v2\/pages\/1485","targetHints":{"allow":["GET"]}}],"collection":[{"href":"https:\/\/keramikundkulturgut.de\/index.php?rest_route=\/wp\/v2\/pages"}],"about":[{"href":"https:\/\/keramikundkulturgut.de\/index.php?rest_route=\/wp\/v2\/types\/page"}],"author":[{"embeddable":true,"href":"https:\/\/keramikundkulturgut.de\/index.php?rest_route=\/wp\/v2\/users\/1"}],"replies":[{"embeddable":true,"href":"https:\/\/keramikundkulturgut.de\/index.php?rest_route=%2Fwp%2Fv2%2Fcomments&post=1485"}],"version-history":[{"count":2,"href":"https:\/\/keramikundkulturgut.de\/index.php?rest_route=\/wp\/v2\/pages\/1485\/revisions"}],"predecessor-version":[{"id":1529,"href":"https:\/\/keramikundkulturgut.de\/index.php?rest_route=\/wp\/v2\/pages\/1485\/revisions\/1529"}],"wp:attachment":[{"href":"https:\/\/keramikundkulturgut.de\/index.php?rest_route=%2Fwp%2Fv2%2Fmedia&parent=1485"}],"curies":[{"name":"wp","href":"https:\/\/api.w.org\/{rel}","templated":true}]}}